{"id":167,"date":"2023-04-25T06:02:51","date_gmt":"2023-04-25T06:02:51","guid":{"rendered":"https:\/\/mimedical.pl\/?page_id=167"},"modified":"2023-04-25T06:24:49","modified_gmt":"2023-04-25T06:24:49","slug":"osteopatia-kobiet-w-ciazy","status":"publish","type":"page","link":"https:\/\/mimedical.pl\/?page_id=167","title":{"rendered":"Osteopatia kobiet w ci\u0105\u017cy"},"content":{"rendered":"\n<div class=\"wp-block-columns is-layout-flex wp-container-core-columns-is-layout-9d6595d7 wp-block-columns-is-layout-flex\">\n<div class=\"wp-block-column is-layout-flow wp-block-column-is-layout-flow\">\n<figure class=\"wp-block-image size-large\"><img fetchpriority=\"high\" decoding=\"async\" width=\"1024\" height=\"683\" src=\"https:\/\/mimedical.pl\/wp-content\/uploads\/2023\/04\/AdobeStock_476169054-1-1024x683.jpeg\" alt=\"\" class=\"wp-image-174\" srcset=\"https:\/\/mimedical.pl\/wp-content\/uploads\/2023\/04\/AdobeStock_476169054-1-1024x683.jpeg 1024w, https:\/\/mimedical.pl\/wp-content\/uploads\/2023\/04\/AdobeStock_476169054-1-300x200.jpeg 300w, https:\/\/mimedical.pl\/wp-content\/uploads\/2023\/04\/AdobeStock_476169054-1-768x512.jpeg 768w, https:\/\/mimedical.pl\/wp-content\/uploads\/2023\/04\/AdobeStock_476169054-1-1536x1024.jpeg 1536w, https:\/\/mimedical.pl\/wp-content\/uploads\/2023\/04\/AdobeStock_476169054-1-2048x1365.jpeg 2048w, https:\/\/mimedical.pl\/wp-content\/uploads\/2023\/04\/AdobeStock_476169054-1-930x620.jpeg 930w\" sizes=\"(max-width: 1024px) 100vw, 1024px\" \/><\/figure>\n<\/div>\n\n\n\n<div class=\"wp-block-column is-vertically-aligned-center is-layout-flow wp-block-column-is-layout-flow\">\n<p><strong>Osteopatia kobiet w ci\u0105\u017cy.<\/strong><\/p>\n\n\n\n<p>Osteopatia po\u0142o\u017cnicza skupia si\u0119 na umo\u017cliwieniu kobiecie przystosowania si\u0119 do ci\u0105\u017cy tak komfortowo i fizjologicznie, jak to mo\u017cliwe, w celu zmniejszenia lub usuni\u0119cia podra\u017cnienia i napi\u0119cia nie tylko ciele matki i dla p\u00f3\u017aniejszego porodu, ale tak\u017ce jako wp\u0142yw na rozwijaj\u0105ce si\u0119 dziecko.<\/p>\n\n\n\n<p>Wiele kobiet uwa\u017ca, \u017ce znaczna cz\u0119\u015b\u0107 b\u00f3lu i dyskomfotu zwi\u0105zanego z ci\u0105\u017c\u0105 i porodem jest nierozerwaln\u0105 cz\u0119\u015bci\u0105 i nie jest podatna na leczenie. Niestety wi\u0119kszo\u015b\u0107 kobiet do\u015bwiadcza problem\u00f3w fizycznych i cz\u0119sto czeka na koniec ci\u0105\u017cy, aby poczu\u0107 ulg\u0119 w cierpieniu.<\/p>\n\n\n\n<p><strong>Co na to osteopatia?<\/strong><\/p>\n\n\n\n<ul class=\"wp-block-list\">\n<li>Opieka osteopatyczna kobiet w ci\u0105\u017cy, przed i po urodzeniu koncentruje si\u0119 na pomocy strukturom (kr\u0119gos\u0142up, stawy i tkanki mi\u0119kkie) w radzeniu sobie z rosn\u0105cymi wymaganiami jakie niesie za sob\u0105 ci\u0105\u017ca.<\/li>\n\n\n\n<li>Pomaga z\u0142agodzi\u0107 b\u00f3le zwi\u0105zane ze zmianami postawy, obci\u0105\u017ceniem i rozci\u0105gni\u0119ciem r\u00f3\u017cnych wi\u0119zade\u0142 i tkanek, kt\u00f3re podtrzymuj\u0105 macic\u0119.<\/li>\n\n\n\n<li>Pomaga r\u00f3wnie\u017c przygotowa\u0107 cia\u0142o i miednice do porodu.<\/li>\n\n\n\n<li>Ma r\u00f3wnie\u017c na celu zapewnienie \u201ewygodnej\u201d przestrzeni dla rozwijaj\u0105cego si\u0119 dziecka, co potencjalnie zmniejsza stres mechaniczny dziecka w czasie ci\u0105\u017cy.<\/li>\n<\/ul>\n\n\n\n<div class=\"wp-block-buttons is-layout-flex wp-block-buttons-is-layout-flex\">\n<div class=\"wp-block-button has-custom-font-size is-style-primary has-medium-font-size\"><a class=\"wp-block-button__link wp-element-button\" href=\"https:\/\/mimedical.pl\/?page_id=21\" style=\"border-radius:27px\">Um\u00f3w wizyt\u0119<\/a><\/div>\n<\/div>\n<\/div>\n<\/div>\n","protected":false},"excerpt":{"rendered":"<p>Osteopatia kobiet w ci\u0105\u017cy. Osteopatia po\u0142o\u017cnicza skupia si\u0119 na umo\u017cliwieniu kobiecie przystosowania si\u0119 do ci\u0105\u017cy tak komfortowo i fizjologicznie, jak to mo\u017cliwe, w celu zmniejszenia lub usuni\u0119cia podra\u017cnienia i napi\u0119cia nie tylko ciele matki i dla p\u00f3\u017aniejszego porodu, ale tak\u017ce jako wp\u0142yw na rozwijaj\u0105ce si\u0119 dziecko. Wiele kobiet uwa\u017ca, \u017ce znaczna cz\u0119\u015b\u0107 b\u00f3lu i dyskomfotu&hellip;&nbsp;<a href=\"https:\/\/mimedical.pl\/?page_id=167\" class=\"\" rel=\"bookmark\">Czytaj dalej &raquo;<span class=\"screen-reader-text\">Osteopatia kobiet w ci\u0105\u017cy<\/span><\/a><\/p>\n","protected":false},"author":1,"featured_media":0,"parent":0,"menu_order":0,"comment_status":"closed","ping_status":"closed","template":"","meta":{"neve_meta_sidebar":"","neve_meta_container":"","neve_meta_enable_content_width":"","neve_meta_content_width":0,"neve_meta_title_alignment":"","neve_meta_author_avatar":"","neve_post_elements_order":"","neve_meta_disable_header":"","neve_meta_disable_footer":"","neve_meta_disable_title":"","footnotes":""},"class_list":["post-167","page","type-page","status-publish","hentry"],"yoast_head":"<!-- This site is optimized with the Yoast SEO plugin v23.9 - https:\/\/yoast.com\/wordpress\/plugins\/seo\/ -->\n<title>Osteopatia kobiet w ci\u0105\u017cy - Mimedical Fizjoterapia i Osteopatia<\/title>\n<meta name=\"robots\" content=\"index, follow, max-snippet:-1, max-image-preview:large, max-video-preview:-1\" \/>\n<link rel=\"canonical\" href=\"https:\/\/mimedical.pl\/?page_id=167\" \/>\n<meta property=\"og:locale\" content=\"pl_PL\" \/>\n<meta property=\"og:type\" content=\"article\" \/>\n<meta property=\"og:title\" content=\"Osteopatia kobiet w ci\u0105\u017cy - Mimedical Fizjoterapia i Osteopatia\" \/>\n<meta property=\"og:description\" content=\"Osteopatia kobiet w ci\u0105\u017cy. Osteopatia po\u0142o\u017cnicza skupia si\u0119 na umo\u017cliwieniu kobiecie przystosowania si\u0119 do ci\u0105\u017cy tak komfortowo i fizjologicznie, jak to mo\u017cliwe, w celu zmniejszenia lub usuni\u0119cia podra\u017cnienia i napi\u0119cia nie tylko ciele matki i dla p\u00f3\u017aniejszego porodu, ale tak\u017ce jako wp\u0142yw na rozwijaj\u0105ce si\u0119 dziecko. Wiele kobiet uwa\u017ca, \u017ce znaczna cz\u0119\u015b\u0107 b\u00f3lu i dyskomfotu&hellip;&nbsp;Czytaj dalej &raquo;Osteopatia kobiet w ci\u0105\u017cy\" \/>\n<meta property=\"og:url\" content=\"https:\/\/mimedical.pl\/?page_id=167\" \/>\n<meta property=\"og:site_name\" content=\"Mimedical Fizjoterapia i Osteopatia\" \/>\n<meta property=\"article:modified_time\" content=\"2023-04-25T06:24:49+00:00\" \/>\n<meta property=\"og:image\" content=\"https:\/\/mimedical.pl\/wp-content\/uploads\/2023\/04\/AdobeStock_476169054-1-1024x683.jpeg\" \/>\n<meta name=\"twitter:card\" content=\"summary_large_image\" \/>\n<meta name=\"twitter:label1\" content=\"Szacowany czas czytania\" \/>\n\t<meta name=\"twitter:data1\" content=\"2 minuty\" \/>\n<script type=\"application\/ld+json\" class=\"yoast-schema-graph\">{\"@context\":\"https:\/\/schema.org\",\"@graph\":[{\"@type\":\"WebPage\",\"@id\":\"https:\/\/mimedical.pl\/?page_id=167\",\"url\":\"https:\/\/mimedical.pl\/?page_id=167\",\"name\":\"Osteopatia kobiet w ci\u0105\u017cy - Mimedical Fizjoterapia i Osteopatia\",\"isPartOf\":{\"@id\":\"https:\/\/mimedical.pl\/#website\"},\"primaryImageOfPage\":{\"@id\":\"https:\/\/mimedical.pl\/?page_id=167#primaryimage\"},\"image\":{\"@id\":\"https:\/\/mimedical.pl\/?page_id=167#primaryimage\"},\"thumbnailUrl\":\"https:\/\/mimedical.pl\/wp-content\/uploads\/2023\/04\/AdobeStock_476169054-1-1024x683.jpeg\",\"datePublished\":\"2023-04-25T06:02:51+00:00\",\"dateModified\":\"2023-04-25T06:24:49+00:00\",\"breadcrumb\":{\"@id\":\"https:\/\/mimedical.pl\/?page_id=167#breadcrumb\"},\"inLanguage\":\"pl-PL\",\"potentialAction\":[{\"@type\":\"ReadAction\",\"target\":[\"https:\/\/mimedical.pl\/?page_id=167\"]}]},{\"@type\":\"ImageObject\",\"inLanguage\":\"pl-PL\",\"@id\":\"https:\/\/mimedical.pl\/?page_id=167#primaryimage\",\"url\":\"https:\/\/mimedical.pl\/wp-content\/uploads\/2023\/04\/AdobeStock_476169054-1-1024x683.jpeg\",\"contentUrl\":\"https:\/\/mimedical.pl\/wp-content\/uploads\/2023\/04\/AdobeStock_476169054-1-1024x683.jpeg\"},{\"@type\":\"BreadcrumbList\",\"@id\":\"https:\/\/mimedical.pl\/?page_id=167#breadcrumb\",\"itemListElement\":[{\"@type\":\"ListItem\",\"position\":1,\"name\":\"Strona g\u0142\u00f3wna\",\"item\":\"https:\/\/mimedical.pl\/\"},{\"@type\":\"ListItem\",\"position\":2,\"name\":\"Osteopatia kobiet w ci\u0105\u017cy\"}]},{\"@type\":\"WebSite\",\"@id\":\"https:\/\/mimedical.pl\/#website\",\"url\":\"https:\/\/mimedical.pl\/\",\"name\":\"Mimedical Fizjoterapia i Osteopatia\",\"description\":\"\",\"publisher\":{\"@id\":\"https:\/\/mimedical.pl\/#organization\"},\"potentialAction\":[{\"@type\":\"SearchAction\",\"target\":{\"@type\":\"EntryPoint\",\"urlTemplate\":\"https:\/\/mimedical.pl\/?s={search_term_string}\"},\"query-input\":{\"@type\":\"PropertyValueSpecification\",\"valueRequired\":true,\"valueName\":\"search_term_string\"}}],\"inLanguage\":\"pl-PL\"},{\"@type\":\"Organization\",\"@id\":\"https:\/\/mimedical.pl\/#organization\",\"name\":\"Mimedical Fizjoterapia i Osteopatia\",\"url\":\"https:\/\/mimedical.pl\/\",\"logo\":{\"@type\":\"ImageObject\",\"inLanguage\":\"pl-PL\",\"@id\":\"https:\/\/mimedical.pl\/#\/schema\/logo\/image\/\",\"url\":\"https:\/\/mimedical.pl\/wp-content\/uploads\/2023\/04\/AdobeStock_476169054-scaled.jpeg\",\"contentUrl\":\"https:\/\/mimedical.pl\/wp-content\/uploads\/2023\/04\/AdobeStock_476169054-scaled.jpeg\",\"width\":2560,\"height\":1707,\"caption\":\"Mimedical Fizjoterapia i Osteopatia\"},\"image\":{\"@id\":\"https:\/\/mimedical.pl\/#\/schema\/logo\/image\/\"}}]}<\/script>\n<!-- \/ Yoast SEO plugin. -->","yoast_head_json":{"title":"Osteopatia kobiet w ci\u0105\u017cy - Mimedical Fizjoterapia i Osteopatia","robots":{"index":"index","follow":"follow","max-snippet":"max-snippet:-1","max-image-preview":"max-image-preview:large","max-video-preview":"max-video-preview:-1"},"canonical":"https:\/\/mimedical.pl\/?page_id=167","og_locale":"pl_PL","og_type":"article","og_title":"Osteopatia kobiet w ci\u0105\u017cy - Mimedical Fizjoterapia i Osteopatia","og_description":"Osteopatia kobiet w ci\u0105\u017cy. Osteopatia po\u0142o\u017cnicza skupia si\u0119 na umo\u017cliwieniu kobiecie przystosowania si\u0119 do ci\u0105\u017cy tak komfortowo i fizjologicznie, jak to mo\u017cliwe, w celu zmniejszenia lub usuni\u0119cia podra\u017cnienia i napi\u0119cia nie tylko ciele matki i dla p\u00f3\u017aniejszego porodu, ale tak\u017ce jako wp\u0142yw na rozwijaj\u0105ce si\u0119 dziecko. Wiele kobiet uwa\u017ca, \u017ce znaczna cz\u0119\u015b\u0107 b\u00f3lu i dyskomfotu&hellip;&nbsp;Czytaj dalej &raquo;Osteopatia kobiet w ci\u0105\u017cy","og_url":"https:\/\/mimedical.pl\/?page_id=167","og_site_name":"Mimedical Fizjoterapia i Osteopatia","article_modified_time":"2023-04-25T06:24:49+00:00","og_image":[{"url":"https:\/\/mimedical.pl\/wp-content\/uploads\/2023\/04\/AdobeStock_476169054-1-1024x683.jpeg"}],"twitter_card":"summary_large_image","twitter_misc":{"Szacowany czas czytania":"2 minuty"},"schema":{"@context":"https:\/\/schema.org","@graph":[{"@type":"WebPage","@id":"https:\/\/mimedical.pl\/?page_id=167","url":"https:\/\/mimedical.pl\/?page_id=167","name":"Osteopatia kobiet w ci\u0105\u017cy - Mimedical Fizjoterapia i Osteopatia","isPartOf":{"@id":"https:\/\/mimedical.pl\/#website"},"primaryImageOfPage":{"@id":"https:\/\/mimedical.pl\/?page_id=167#primaryimage"},"image":{"@id":"https:\/\/mimedical.pl\/?page_id=167#primaryimage"},"thumbnailUrl":"https:\/\/mimedical.pl\/wp-content\/uploads\/2023\/04\/AdobeStock_476169054-1-1024x683.jpeg","datePublished":"2023-04-25T06:02:51+00:00","dateModified":"2023-04-25T06:24:49+00:00","breadcrumb":{"@id":"https:\/\/mimedical.pl\/?page_id=167#breadcrumb"},"inLanguage":"pl-PL","potentialAction":[{"@type":"ReadAction","target":["https:\/\/mimedical.pl\/?page_id=167"]}]},{"@type":"ImageObject","inLanguage":"pl-PL","@id":"https:\/\/mimedical.pl\/?page_id=167#primaryimage","url":"https:\/\/mimedical.pl\/wp-content\/uploads\/2023\/04\/AdobeStock_476169054-1-1024x683.jpeg","contentUrl":"https:\/\/mimedical.pl\/wp-content\/uploads\/2023\/04\/AdobeStock_476169054-1-1024x683.jpeg"},{"@type":"BreadcrumbList","@id":"https:\/\/mimedical.pl\/?page_id=167#breadcrumb","itemListElement":[{"@type":"ListItem","position":1,"name":"Strona g\u0142\u00f3wna","item":"https:\/\/mimedical.pl\/"},{"@type":"ListItem","position":2,"name":"Osteopatia kobiet w ci\u0105\u017cy"}]},{"@type":"WebSite","@id":"https:\/\/mimedical.pl\/#website","url":"https:\/\/mimedical.pl\/","name":"Mimedical Fizjoterapia i Osteopatia","description":"","publisher":{"@id":"https:\/\/mimedical.pl\/#organization"},"potentialAction":[{"@type":"SearchAction","target":{"@type":"EntryPoint","urlTemplate":"https:\/\/mimedical.pl\/?s={search_term_string}"},"query-input":{"@type":"PropertyValueSpecification","valueRequired":true,"valueName":"search_term_string"}}],"inLanguage":"pl-PL"},{"@type":"Organization","@id":"https:\/\/mimedical.pl\/#organization","name":"Mimedical Fizjoterapia i Osteopatia","url":"https:\/\/mimedical.pl\/","logo":{"@type":"ImageObject","inLanguage":"pl-PL","@id":"https:\/\/mimedical.pl\/#\/schema\/logo\/image\/","url":"https:\/\/mimedical.pl\/wp-content\/uploads\/2023\/04\/AdobeStock_476169054-scaled.jpeg","contentUrl":"https:\/\/mimedical.pl\/wp-content\/uploads\/2023\/04\/AdobeStock_476169054-scaled.jpeg","width":2560,"height":1707,"caption":"Mimedical Fizjoterapia i Osteopatia"},"image":{"@id":"https:\/\/mimedical.pl\/#\/schema\/logo\/image\/"}}]}},"jetpack_sharing_enabled":true,"_links":{"self":[{"href":"https:\/\/mimedical.pl\/index.php?rest_route=\/wp\/v2\/pages\/167","targetHints":{"allow":["GET"]}}],"collection":[{"href":"https:\/\/mimedical.pl\/index.php?rest_route=\/wp\/v2\/pages"}],"about":[{"href":"https:\/\/mimedical.pl\/index.php?rest_route=\/wp\/v2\/types\/page"}],"author":[{"embeddable":true,"href":"https:\/\/mimedical.pl\/index.php?rest_route=\/wp\/v2\/users\/1"}],"replies":[{"embeddable":true,"href":"https:\/\/mimedical.pl\/index.php?rest_route=%2Fwp%2Fv2%2Fcomments&post=167"}],"version-history":[{"count":7,"href":"https:\/\/mimedical.pl\/index.php?rest_route=\/wp\/v2\/pages\/167\/revisions"}],"predecessor-version":[{"id":191,"href":"https:\/\/mimedical.pl\/index.php?rest_route=\/wp\/v2\/pages\/167\/revisions\/191"}],"wp:attachment":[{"href":"https:\/\/mimedical.pl\/index.php?rest_route=%2Fwp%2Fv2%2Fmedia&parent=167"}],"curies":[{"name":"wp","href":"https:\/\/api.w.org\/{rel}","templated":true}]}}