{"id":18,"date":"2023-03-02T14:06:00","date_gmt":"2023-03-02T14:06:00","guid":{"rendered":"https:\/\/mimedical.dbox.pl\/?page_id=18"},"modified":"2024-12-11T09:36:53","modified_gmt":"2024-12-11T09:36:53","slug":"informacje","status":"publish","type":"page","link":"https:\/\/mimedical.pl\/?page_id=18","title":{"rendered":"O mnie"},"content":{"rendered":"\t\t<div data-elementor-type=\"wp-page\" data-elementor-id=\"18\" class=\"elementor elementor-18\">\n\t\t\t\t\t\t<section class=\"elementor-section elementor-top-section elementor-element elementor-element-bf9bdfc elementor-section-boxed elementor-section-height-default elementor-section-height-default\" data-id=\"bf9bdfc\" data-element_type=\"section\">\n\t\t\t\t\t\t<div class=\"elementor-container elementor-column-gap-default\">\n\t\t\t\t\t<div class=\"elementor-column elementor-col-100 elementor-top-column elementor-element elementor-element-8633d24\" data-id=\"8633d24\" data-element_type=\"column\">\n\t\t\t<div class=\"elementor-widget-wrap elementor-element-populated\">\n\t\t\t\t\t\t<div class=\"elementor-element elementor-element-60d3ede elementor-widget elementor-widget-heading\" data-id=\"60d3ede\" data-element_type=\"widget\" data-widget_type=\"heading.default\">\n\t\t\t\t<div class=\"elementor-widget-container\">\n\t\t\t<h2 class=\"elementor-heading-title elementor-size-default\">O mnie<\/h2>\t\t<\/div>\n\t\t\t\t<\/div>\n\t\t\t\t\t<\/div>\n\t\t<\/div>\n\t\t\t\t\t<\/div>\n\t\t<\/section>\n\t\t\t\t<section class=\"elementor-section elementor-top-section elementor-element elementor-element-6f5d682f elementor-section-boxed elementor-section-height-default elementor-section-height-default\" data-id=\"6f5d682f\" data-element_type=\"section\">\n\t\t\t\t\t\t<div class=\"elementor-container elementor-column-gap-default\">\n\t\t\t\t\t<div class=\"elementor-column elementor-col-100 elementor-top-column elementor-element elementor-element-34d86b11\" data-id=\"34d86b11\" data-element_type=\"column\">\n\t\t\t<div class=\"elementor-widget-wrap elementor-element-populated\">\n\t\t\t\t\t\t\t<\/div>\n\t\t<\/div>\n\t\t\t\t\t<\/div>\n\t\t<\/section>\n\t\t\t\t<section class=\"elementor-section elementor-top-section elementor-element elementor-element-3812ef7 elementor-section-boxed elementor-section-height-default elementor-section-height-default\" data-id=\"3812ef7\" data-element_type=\"section\">\n\t\t\t\t\t\t<div class=\"elementor-container elementor-column-gap-default\">\n\t\t\t\t\t<div class=\"elementor-column elementor-col-33 elementor-top-column elementor-element elementor-element-6be8865\" data-id=\"6be8865\" data-element_type=\"column\">\n\t\t\t<div class=\"elementor-widget-wrap elementor-element-populated\">\n\t\t\t\t\t\t<div class=\"elementor-element elementor-element-842dc7a elementor-widget elementor-widget-image\" data-id=\"842dc7a\" data-element_type=\"widget\" data-widget_type=\"image.default\">\n\t\t\t\t<div class=\"elementor-widget-container\">\n\t\t\t\t\t\t\t\t\t\t\t\t\t<img fetchpriority=\"high\" decoding=\"async\" width=\"741\" height=\"1024\" src=\"https:\/\/mimedical.pl\/wp-content\/uploads\/2023\/04\/BM__1179_OK1photoAid-removed-background-741x1024.png\" class=\"attachment-large size-large wp-image-269\" alt=\"\" srcset=\"https:\/\/mimedical.pl\/wp-content\/uploads\/2023\/04\/BM__1179_OK1photoAid-removed-background-741x1024.png 741w, https:\/\/mimedical.pl\/wp-content\/uploads\/2023\/04\/BM__1179_OK1photoAid-removed-background-217x300.png 217w, https:\/\/mimedical.pl\/wp-content\/uploads\/2023\/04\/BM__1179_OK1photoAid-removed-background-768x1061.png 768w, https:\/\/mimedical.pl\/wp-content\/uploads\/2023\/04\/BM__1179_OK1photoAid-removed-background-1112x1536.png 1112w, https:\/\/mimedical.pl\/wp-content\/uploads\/2023\/04\/BM__1179_OK1photoAid-removed-background-1482x2048.png 1482w, https:\/\/mimedical.pl\/wp-content\/uploads\/2023\/04\/BM__1179_OK1photoAid-removed-background.png 1795w\" sizes=\"(max-width: 741px) 100vw, 741px\" \/>\t\t\t\t\t\t\t\t\t\t\t\t\t<\/div>\n\t\t\t\t<\/div>\n\t\t\t\t\t<\/div>\n\t\t<\/div>\n\t\t\t\t<div class=\"elementor-column elementor-col-66 elementor-top-column elementor-element elementor-element-05d1477\" data-id=\"05d1477\" data-element_type=\"column\">\n\t\t\t<div class=\"elementor-widget-wrap elementor-element-populated\">\n\t\t\t\t\t\t<div class=\"elementor-element elementor-element-53b3ff2 elementor-widget elementor-widget-text-editor\" data-id=\"53b3ff2\" data-element_type=\"widget\" data-widget_type=\"text-editor.default\">\n\t\t\t\t<div class=\"elementor-widget-container\">\n\t\t\t\t\t\t\t<p>\u00a0<\/p><p>Nazywam si\u0119 Micha\u0142 Szuplak. Jestem absolwentem \u015al\u0105skiego Uniwersytetu Medycznego w Katowicach, na kt\u00f3rym uzyska\u0142em dyplom magistra fizjoterapii oraz Still Academy of Osteopathy w Warszawie, gdzie uko\u0144czy\u0142em 4 letnie studia z zakresu Medycyny Osteopatycznej i uzyska\u0142em tytu\u0142 D.O, Dyplomowany Osteopata.\u00a0<\/p><p>Swoje do\u015bwiadczenie zdobywa\u0142em podczas pracy w klubach sportowych, szpitalu oraz prywatnym gabinecie fizjoterapeutycznym. W pracy zajmuj\u0119<span style=\"font-family: var( --e-global-typography-text-font-family ), Sans-serif; font-weight: var( --e-global-typography-text-font-weight ); background-color: var(--nv-site-bg); font-size: var(--bodyfontsize); letter-spacing: var(--bodyletterspacing); text-transform: var(--bodytexttransform);\">\u00a0si\u0119 przede wszystkim pacjentami z problemami b\u00f3lowymi, ale nie tylko. Problemy u niemowl\u0105t, wady postawy u dzieci czy pomoc kobietom w ci\u0105\u017cy r\u00f3wnie\u017c nie s\u0105 mi obce. W swoim gabinetowym portfolio mam r\u00f3wnie\u017c prac\u0119 ze sportowcami od poziomu amatora po zawodnik\u00f3w na poziomie mistrzowskim w tym kadrowicz\u00f3w Polski.\u00a0<\/span><\/p><p>Prywatnie jestem fanem r\u00f3\u017cnych aktywno\u015bci fizycznych od biegania, pi\u0142ki no\u017cnej, golf oraz sp\u0119dzania czasu z rodzin\u0105 (szczeg\u00f3lnie z c\u00f3rkami) i przyjaci\u00f3\u0142mi. Moja praca jest moj\u0105 pasj\u0105.\u00a0\u00a0<\/p>\t\t\t\t\t\t<\/div>\n\t\t\t\t<\/div>\n\t\t\t\t\t<\/div>\n\t\t<\/div>\n\t\t\t\t\t<\/div>\n\t\t<\/section>\n\t\t\t\t<section class=\"elementor-section elementor-top-section elementor-element elementor-element-8ac4ac0 elementor-section-boxed elementor-section-height-default elementor-section-height-default\" data-id=\"8ac4ac0\" data-element_type=\"section\">\n\t\t\t\t\t\t<div class=\"elementor-container elementor-column-gap-default\">\n\t\t\t\t\t<div class=\"elementor-column elementor-col-100 elementor-top-column elementor-element elementor-element-3d849cd\" data-id=\"3d849cd\" data-element_type=\"column\">\n\t\t\t<div class=\"elementor-widget-wrap elementor-element-populated\">\n\t\t\t\t\t\t<div class=\"elementor-element elementor-element-6dde3dd elementor-widget elementor-widget-spacer\" data-id=\"6dde3dd\" data-element_type=\"widget\" data-widget_type=\"spacer.default\">\n\t\t\t\t<div class=\"elementor-widget-container\">\n\t\t\t\t\t<div class=\"elementor-spacer\">\n\t\t\t<div class=\"elementor-spacer-inner\"><\/div>\n\t\t<\/div>\n\t\t\t\t<\/div>\n\t\t\t\t<\/div>\n\t\t\t\t\t<\/div>\n\t\t<\/div>\n\t\t\t\t\t<\/div>\n\t\t<\/section>\n\t\t\t\t<\/div>\n\t\t","protected":false},"excerpt":{"rendered":"<p>O mnie \u00a0 Nazywam si\u0119 Micha\u0142 Szuplak. Jestem absolwentem \u015al\u0105skiego Uniwersytetu Medycznego w Katowicach, na kt\u00f3rym uzyska\u0142em dyplom magistra fizjoterapii oraz Still Academy of Osteopathy w Warszawie, gdzie uko\u0144czy\u0142em 4 letnie studia z zakresu Medycyny Osteopatycznej i uzyska\u0142em tytu\u0142 D.O, Dyplomowany Osteopata.\u00a0 Swoje do\u015bwiadczenie zdobywa\u0142em podczas pracy w klubach sportowych, szpitalu oraz prywatnym gabinecie fizjoterapeutycznym.&hellip;&nbsp;<a href=\"https:\/\/mimedical.pl\/?page_id=18\" class=\"\" rel=\"bookmark\">Czytaj dalej &raquo;<span class=\"screen-reader-text\">O mnie<\/span><\/a><\/p>\n","protected":false},"author":1,"featured_media":0,"parent":0,"menu_order":0,"comment_status":"closed","ping_status":"closed","template":"","meta":{"neve_meta_sidebar":"","neve_meta_container":"","neve_meta_enable_content_width":"on","neve_meta_content_width":100,"neve_meta_title_alignment":"","neve_meta_author_avatar":"","neve_post_elements_order":"","neve_meta_disable_header":"","neve_meta_disable_footer":"","neve_meta_disable_title":"on","footnotes":""},"class_list":["post-18","page","type-page","status-publish","hentry"],"yoast_head":"<!-- This site is optimized with the Yoast SEO plugin v23.9 - https:\/\/yoast.com\/wordpress\/plugins\/seo\/ -->\n<title>O mnie - Mimedical Fizjoterapia i Osteopatia<\/title>\n<meta name=\"robots\" content=\"index, follow, max-snippet:-1, max-image-preview:large, max-video-preview:-1\" \/>\n<link rel=\"canonical\" href=\"https:\/\/mimedical.pl\/?page_id=18\" \/>\n<meta property=\"og:locale\" content=\"pl_PL\" \/>\n<meta property=\"og:type\" content=\"article\" \/>\n<meta property=\"og:title\" content=\"O mnie - Mimedical Fizjoterapia i Osteopatia\" \/>\n<meta property=\"og:description\" content=\"O mnie \u00a0 Nazywam si\u0119 Micha\u0142 Szuplak. Jestem absolwentem \u015al\u0105skiego Uniwersytetu Medycznego w Katowicach, na kt\u00f3rym uzyska\u0142em dyplom magistra fizjoterapii oraz Still Academy of Osteopathy w Warszawie, gdzie uko\u0144czy\u0142em 4 letnie studia z zakresu Medycyny Osteopatycznej i uzyska\u0142em tytu\u0142 D.O, Dyplomowany Osteopata.\u00a0 Swoje do\u015bwiadczenie zdobywa\u0142em podczas pracy w klubach sportowych, szpitalu oraz prywatnym gabinecie fizjoterapeutycznym.&hellip;&nbsp;Czytaj dalej &raquo;O mnie\" \/>\n<meta property=\"og:url\" content=\"https:\/\/mimedical.pl\/?page_id=18\" \/>\n<meta property=\"og:site_name\" content=\"Mimedical Fizjoterapia i Osteopatia\" \/>\n<meta property=\"article:modified_time\" content=\"2024-12-11T09:36:53+00:00\" \/>\n<meta property=\"og:image\" content=\"https:\/\/mimedical.pl\/wp-content\/uploads\/2023\/04\/BM__1179_OK1photoAid-removed-background-741x1024.png\" \/>\n\t<meta property=\"og:image:width\" content=\"741\" \/>\n\t<meta property=\"og:image:height\" content=\"1024\" \/>\n\t<meta property=\"og:image:type\" content=\"image\/png\" \/>\n<meta name=\"twitter:card\" content=\"summary_large_image\" \/>\n<meta name=\"twitter:label1\" content=\"Szacowany czas czytania\" \/>\n\t<meta name=\"twitter:data1\" content=\"1 minuta\" \/>\n<script type=\"application\/ld+json\" class=\"yoast-schema-graph\">{\"@context\":\"https:\/\/schema.org\",\"@graph\":[{\"@type\":\"WebPage\",\"@id\":\"https:\/\/mimedical.pl\/?page_id=18\",\"url\":\"https:\/\/mimedical.pl\/?page_id=18\",\"name\":\"O mnie - Mimedical Fizjoterapia i Osteopatia\",\"isPartOf\":{\"@id\":\"https:\/\/mimedical.pl\/#website\"},\"primaryImageOfPage\":{\"@id\":\"https:\/\/mimedical.pl\/?page_id=18#primaryimage\"},\"image\":{\"@id\":\"https:\/\/mimedical.pl\/?page_id=18#primaryimage\"},\"thumbnailUrl\":\"https:\/\/mimedical.pl\/wp-content\/uploads\/2023\/04\/BM__1179_OK1photoAid-removed-background-741x1024.png\",\"datePublished\":\"2023-03-02T14:06:00+00:00\",\"dateModified\":\"2024-12-11T09:36:53+00:00\",\"breadcrumb\":{\"@id\":\"https:\/\/mimedical.pl\/?page_id=18#breadcrumb\"},\"inLanguage\":\"pl-PL\",\"potentialAction\":[{\"@type\":\"ReadAction\",\"target\":[\"https:\/\/mimedical.pl\/?page_id=18\"]}]},{\"@type\":\"ImageObject\",\"inLanguage\":\"pl-PL\",\"@id\":\"https:\/\/mimedical.pl\/?page_id=18#primaryimage\",\"url\":\"https:\/\/mimedical.pl\/wp-content\/uploads\/2023\/04\/BM__1179_OK1photoAid-removed-background.png\",\"contentUrl\":\"https:\/\/mimedical.pl\/wp-content\/uploads\/2023\/04\/BM__1179_OK1photoAid-removed-background.png\",\"width\":1795,\"height\":2480},{\"@type\":\"BreadcrumbList\",\"@id\":\"https:\/\/mimedical.pl\/?page_id=18#breadcrumb\",\"itemListElement\":[{\"@type\":\"ListItem\",\"position\":1,\"name\":\"Strona g\u0142\u00f3wna\",\"item\":\"https:\/\/mimedical.pl\/\"},{\"@type\":\"ListItem\",\"position\":2,\"name\":\"O mnie\"}]},{\"@type\":\"WebSite\",\"@id\":\"https:\/\/mimedical.pl\/#website\",\"url\":\"https:\/\/mimedical.pl\/\",\"name\":\"Mimedical Fizjoterapia i Osteopatia\",\"description\":\"\",\"publisher\":{\"@id\":\"https:\/\/mimedical.pl\/#organization\"},\"potentialAction\":[{\"@type\":\"SearchAction\",\"target\":{\"@type\":\"EntryPoint\",\"urlTemplate\":\"https:\/\/mimedical.pl\/?s={search_term_string}\"},\"query-input\":{\"@type\":\"PropertyValueSpecification\",\"valueRequired\":true,\"valueName\":\"search_term_string\"}}],\"inLanguage\":\"pl-PL\"},{\"@type\":\"Organization\",\"@id\":\"https:\/\/mimedical.pl\/#organization\",\"name\":\"Mimedical Fizjoterapia i Osteopatia\",\"url\":\"https:\/\/mimedical.pl\/\",\"logo\":{\"@type\":\"ImageObject\",\"inLanguage\":\"pl-PL\",\"@id\":\"https:\/\/mimedical.pl\/#\/schema\/logo\/image\/\",\"url\":\"https:\/\/mimedical.pl\/wp-content\/uploads\/2023\/04\/AdobeStock_476169054-scaled.jpeg\",\"contentUrl\":\"https:\/\/mimedical.pl\/wp-content\/uploads\/2023\/04\/AdobeStock_476169054-scaled.jpeg\",\"width\":2560,\"height\":1707,\"caption\":\"Mimedical Fizjoterapia i Osteopatia\"},\"image\":{\"@id\":\"https:\/\/mimedical.pl\/#\/schema\/logo\/image\/\"}}]}<\/script>\n<!-- \/ Yoast SEO plugin. -->","yoast_head_json":{"title":"O mnie - Mimedical Fizjoterapia i Osteopatia","robots":{"index":"index","follow":"follow","max-snippet":"max-snippet:-1","max-image-preview":"max-image-preview:large","max-video-preview":"max-video-preview:-1"},"canonical":"https:\/\/mimedical.pl\/?page_id=18","og_locale":"pl_PL","og_type":"article","og_title":"O mnie - Mimedical Fizjoterapia i Osteopatia","og_description":"O mnie \u00a0 Nazywam si\u0119 Micha\u0142 Szuplak. Jestem absolwentem \u015al\u0105skiego Uniwersytetu Medycznego w Katowicach, na kt\u00f3rym uzyska\u0142em dyplom magistra fizjoterapii oraz Still Academy of Osteopathy w Warszawie, gdzie uko\u0144czy\u0142em 4 letnie studia z zakresu Medycyny Osteopatycznej i uzyska\u0142em tytu\u0142 D.O, Dyplomowany Osteopata.\u00a0 Swoje do\u015bwiadczenie zdobywa\u0142em podczas pracy w klubach sportowych, szpitalu oraz prywatnym gabinecie fizjoterapeutycznym.&hellip;&nbsp;Czytaj dalej &raquo;O mnie","og_url":"https:\/\/mimedical.pl\/?page_id=18","og_site_name":"Mimedical Fizjoterapia i Osteopatia","article_modified_time":"2024-12-11T09:36:53+00:00","og_image":[{"width":741,"height":1024,"url":"https:\/\/mimedical.pl\/wp-content\/uploads\/2023\/04\/BM__1179_OK1photoAid-removed-background-741x1024.png","type":"image\/png"}],"twitter_card":"summary_large_image","twitter_misc":{"Szacowany czas czytania":"1 minuta"},"schema":{"@context":"https:\/\/schema.org","@graph":[{"@type":"WebPage","@id":"https:\/\/mimedical.pl\/?page_id=18","url":"https:\/\/mimedical.pl\/?page_id=18","name":"O mnie - Mimedical Fizjoterapia i Osteopatia","isPartOf":{"@id":"https:\/\/mimedical.pl\/#website"},"primaryImageOfPage":{"@id":"https:\/\/mimedical.pl\/?page_id=18#primaryimage"},"image":{"@id":"https:\/\/mimedical.pl\/?page_id=18#primaryimage"},"thumbnailUrl":"https:\/\/mimedical.pl\/wp-content\/uploads\/2023\/04\/BM__1179_OK1photoAid-removed-background-741x1024.png","datePublished":"2023-03-02T14:06:00+00:00","dateModified":"2024-12-11T09:36:53+00:00","breadcrumb":{"@id":"https:\/\/mimedical.pl\/?page_id=18#breadcrumb"},"inLanguage":"pl-PL","potentialAction":[{"@type":"ReadAction","target":["https:\/\/mimedical.pl\/?page_id=18"]}]},{"@type":"ImageObject","inLanguage":"pl-PL","@id":"https:\/\/mimedical.pl\/?page_id=18#primaryimage","url":"https:\/\/mimedical.pl\/wp-content\/uploads\/2023\/04\/BM__1179_OK1photoAid-removed-background.png","contentUrl":"https:\/\/mimedical.pl\/wp-content\/uploads\/2023\/04\/BM__1179_OK1photoAid-removed-background.png","width":1795,"height":2480},{"@type":"BreadcrumbList","@id":"https:\/\/mimedical.pl\/?page_id=18#breadcrumb","itemListElement":[{"@type":"ListItem","position":1,"name":"Strona g\u0142\u00f3wna","item":"https:\/\/mimedical.pl\/"},{"@type":"ListItem","position":2,"name":"O mnie"}]},{"@type":"WebSite","@id":"https:\/\/mimedical.pl\/#website","url":"https:\/\/mimedical.pl\/","name":"Mimedical Fizjoterapia i Osteopatia","description":"","publisher":{"@id":"https:\/\/mimedical.pl\/#organization"},"potentialAction":[{"@type":"SearchAction","target":{"@type":"EntryPoint","urlTemplate":"https:\/\/mimedical.pl\/?s={search_term_string}"},"query-input":{"@type":"PropertyValueSpecification","valueRequired":true,"valueName":"search_term_string"}}],"inLanguage":"pl-PL"},{"@type":"Organization","@id":"https:\/\/mimedical.pl\/#organization","name":"Mimedical Fizjoterapia i Osteopatia","url":"https:\/\/mimedical.pl\/","logo":{"@type":"ImageObject","inLanguage":"pl-PL","@id":"https:\/\/mimedical.pl\/#\/schema\/logo\/image\/","url":"https:\/\/mimedical.pl\/wp-content\/uploads\/2023\/04\/AdobeStock_476169054-scaled.jpeg","contentUrl":"https:\/\/mimedical.pl\/wp-content\/uploads\/2023\/04\/AdobeStock_476169054-scaled.jpeg","width":2560,"height":1707,"caption":"Mimedical Fizjoterapia i Osteopatia"},"image":{"@id":"https:\/\/mimedical.pl\/#\/schema\/logo\/image\/"}}]}},"jetpack_sharing_enabled":true,"_links":{"self":[{"href":"https:\/\/mimedical.pl\/index.php?rest_route=\/wp\/v2\/pages\/18","targetHints":{"allow":["GET"]}}],"collection":[{"href":"https:\/\/mimedical.pl\/index.php?rest_route=\/wp\/v2\/pages"}],"about":[{"href":"https:\/\/mimedical.pl\/index.php?rest_route=\/wp\/v2\/types\/page"}],"author":[{"embeddable":true,"href":"https:\/\/mimedical.pl\/index.php?rest_route=\/wp\/v2\/users\/1"}],"replies":[{"embeddable":true,"href":"https:\/\/mimedical.pl\/index.php?rest_route=%2Fwp%2Fv2%2Fcomments&post=18"}],"version-history":[{"count":34,"href":"https:\/\/mimedical.pl\/index.php?rest_route=\/wp\/v2\/pages\/18\/revisions"}],"predecessor-version":[{"id":407,"href":"https:\/\/mimedical.pl\/index.php?rest_route=\/wp\/v2\/pages\/18\/revisions\/407"}],"wp:attachment":[{"href":"https:\/\/mimedical.pl\/index.php?rest_route=%2Fwp%2Fv2%2Fmedia&parent=18"}],"curies":[{"name":"wp","href":"https:\/\/api.w.org\/{rel}","templated":true}]}}