{"id":186,"date":"2023-04-25T06:23:16","date_gmt":"2023-04-25T06:23:16","guid":{"rendered":"https:\/\/mimedical.pl\/?page_id=186"},"modified":"2023-04-25T06:23:16","modified_gmt":"2023-04-25T06:23:16","slug":"osteopatia-pediatryczna","status":"publish","type":"page","link":"https:\/\/mimedical.pl\/?page_id=186","title":{"rendered":"Osteopatia pediatryczna"},"content":{"rendered":"\n<div class=\"wp-block-columns is-layout-flex wp-container-core-columns-is-layout-9d6595d7 wp-block-columns-is-layout-flex\">\n<div class=\"wp-block-column is-layout-flow wp-block-column-is-layout-flow\">\n<figure class=\"wp-block-image size-large\"><img fetchpriority=\"high\" decoding=\"async\" width=\"1024\" height=\"683\" src=\"https:\/\/mimedical.pl\/wp-content\/uploads\/2023\/04\/AdobeStock_81560560-1024x683.jpeg\" alt=\"\" class=\"wp-image-187\" srcset=\"https:\/\/mimedical.pl\/wp-content\/uploads\/2023\/04\/AdobeStock_81560560-1024x683.jpeg 1024w, https:\/\/mimedical.pl\/wp-content\/uploads\/2023\/04\/AdobeStock_81560560-300x200.jpeg 300w, https:\/\/mimedical.pl\/wp-content\/uploads\/2023\/04\/AdobeStock_81560560-768x512.jpeg 768w, https:\/\/mimedical.pl\/wp-content\/uploads\/2023\/04\/AdobeStock_81560560-1536x1024.jpeg 1536w, https:\/\/mimedical.pl\/wp-content\/uploads\/2023\/04\/AdobeStock_81560560-2048x1365.jpeg 2048w, https:\/\/mimedical.pl\/wp-content\/uploads\/2023\/04\/AdobeStock_81560560-930x620.jpeg 930w\" sizes=\"(max-width: 1024px) 100vw, 1024px\" \/><\/figure>\n<\/div>\n\n\n\n<div class=\"wp-block-column is-vertically-aligned-center is-layout-flow wp-block-column-is-layout-flow\">\n<p><strong>Osteopatia pediatryczna<\/strong><\/p>\n\n\n\n<p>Niemowl\u0119ta zajmuj\u0105 szczeg\u00f3ln\u0105 cz\u0119\u015b\u0107 naszego serca, dlatego te\u017c otaczamy je szczeg\u00f3ln\u0105 trosk\u0105. Niestety ju\u017c na pocz\u0105tku naszego \u017cycia cz\u0119sto przytrafiaj\u0105 si\u0119 nam r\u00f3\u017cne dolegliwo\u015bci. Ma\u0142y cz\u0142owiek nie potrafi sam przekaza\u0107 co mu dolega, dlatego te\u017c praca z maluszkami nie jest \u0142atwa. Co nie znaczy, \u017ce niemo\u017cliwa.<\/p>\n\n\n\n<p>Osteopatia pediatryczna to szczeg\u00f3lne spojrzenie na naszego ma\u0142ego pacjenta, kt\u00f3re ma zastosowanie w leczeniu wielu przypad\u0142o\u015bci. Podej\u015bcie charakteryzuje si\u0119 niezwykle subtelnymi i bezbolesnymi technikami. Do pracy u\u017cywamy w swoich r\u0105k w spos\u00f3b jak najbardziej delikatny.<\/p>\n\n\n\n<p><strong>Jakimi problemami si\u0119 zajmujemy?<\/strong><\/p>\n\n\n\n<p>Nasz maluszek mo\u017ce zjawi\u0107 na wizycie ju\u017c w pierwszych dniach swojego \u017cycia, a wskazaniami do niej s\u0105 m.in:<\/p>\n\n\n\n<ul class=\"wp-block-list\">\n<li>Kolki<\/li>\n\n\n\n<li>Asymetria u\u0142o\u017ceniowa<\/li>\n\n\n\n<li>Deformacje czaszki<\/li>\n\n\n\n<li>Zaburzenia snu<\/li>\n\n\n\n<li>Problemy z ssaniem i po\u0142ykaniem<\/li>\n\n\n\n<li>\u201eZbyt kr\u00f3tkie\u201d w\u0119dzide\u0142ko podj\u0119zykowe<\/li>\n\n\n\n<li>Zaburzenia napi\u0119cia mi\u0119\u015bniowego<\/li>\n\n\n\n<li>Ulewania<\/li>\n\n\n\n<li>Zaparcia<\/li>\n\n\n\n<li>Wymioty<\/li>\n\n\n\n<li>Moczenie si\u0119 w nocy<\/li>\n\n\n\n<li>Kr\u0119cz szyi<\/li>\n\n\n\n<li>Niedro\u017cno\u015b\u0107 kanalika \u0142zowego<\/li>\n\n\n\n<li>Zaburzenia odruch\u00f3w pierwotnych<\/li>\n<\/ul>\n\n\n\n<p><strong>Jak si\u0119 przygotowa\u0107 na wizyt\u0119 ?<\/strong><\/p>\n\n\n\n<p>Skuteczna terapia osteopatyczna wymaga celnie postawionej diagnozy, kt\u00f3ra z kolei zale\u017cy od prawid\u0142owo i dok\u0142adnie przeprowadzonego wywiadu z Rodzicami. Bardzo istotn\u0105 rol\u0119 gra tutaj ca\u0142y okres ci\u0105\u017cy oraz przebieg porodu. Bardzo wa\u017cne jest zebranie obszernego wywiadu dotycz\u0105cego tego okresu oraz zachowania dziecka podczas pobytu w szpitalu. Warto zabra\u0107 ze sob\u0105 ca\u0142\u0105 dokumentacj\u0119 medyczn\u0105 Naszego dziecka (przede wszystkim ksi\u0105\u017ceczk\u0119 zdrowia)<\/p>\n\n\n\n<div class=\"wp-block-buttons is-layout-flex wp-block-buttons-is-layout-flex\">\n<div class=\"wp-block-button has-custom-font-size is-style-primary has-medium-font-size\"><a class=\"wp-block-button__link wp-element-button\" href=\"https:\/\/mimedical.pl\/?page_id=21\" style=\"border-radius:27px\">Um\u00f3w wizyt\u0119<\/a><\/div>\n<\/div>\n<\/div>\n<\/div>\n","protected":false},"excerpt":{"rendered":"<p>Osteopatia pediatryczna Niemowl\u0119ta zajmuj\u0105 szczeg\u00f3ln\u0105 cz\u0119\u015b\u0107 naszego serca, dlatego te\u017c otaczamy je szczeg\u00f3ln\u0105 trosk\u0105. Niestety ju\u017c na pocz\u0105tku naszego \u017cycia cz\u0119sto przytrafiaj\u0105 si\u0119 nam r\u00f3\u017cne dolegliwo\u015bci. Ma\u0142y cz\u0142owiek nie potrafi sam przekaza\u0107 co mu dolega, dlatego te\u017c praca z maluszkami nie jest \u0142atwa. Co nie znaczy, \u017ce niemo\u017cliwa. Osteopatia pediatryczna to szczeg\u00f3lne spojrzenie na naszego&hellip;&nbsp;<a href=\"https:\/\/mimedical.pl\/?page_id=186\" class=\"\" rel=\"bookmark\">Czytaj dalej &raquo;<span class=\"screen-reader-text\">Osteopatia pediatryczna<\/span><\/a><\/p>\n","protected":false},"author":1,"featured_media":0,"parent":0,"menu_order":0,"comment_status":"closed","ping_status":"closed","template":"","meta":{"neve_meta_sidebar":"","neve_meta_container":"","neve_meta_enable_content_width":"","neve_meta_content_width":0,"neve_meta_title_alignment":"","neve_meta_author_avatar":"","neve_post_elements_order":"","neve_meta_disable_header":"","neve_meta_disable_footer":"","neve_meta_disable_title":"","footnotes":""},"class_list":["post-186","page","type-page","status-publish","hentry"],"yoast_head":"<!-- This site is optimized with the Yoast SEO plugin v23.9 - https:\/\/yoast.com\/wordpress\/plugins\/seo\/ -->\n<title>Osteopatia pediatryczna - Mimedical Fizjoterapia i Osteopatia<\/title>\n<meta name=\"robots\" content=\"index, follow, max-snippet:-1, max-image-preview:large, max-video-preview:-1\" \/>\n<link rel=\"canonical\" href=\"https:\/\/mimedical.pl\/?page_id=186\" \/>\n<meta property=\"og:locale\" content=\"pl_PL\" \/>\n<meta property=\"og:type\" content=\"article\" \/>\n<meta property=\"og:title\" content=\"Osteopatia pediatryczna - Mimedical Fizjoterapia i Osteopatia\" \/>\n<meta property=\"og:description\" content=\"Osteopatia pediatryczna Niemowl\u0119ta zajmuj\u0105 szczeg\u00f3ln\u0105 cz\u0119\u015b\u0107 naszego serca, dlatego te\u017c otaczamy je szczeg\u00f3ln\u0105 trosk\u0105. Niestety ju\u017c na pocz\u0105tku naszego \u017cycia cz\u0119sto przytrafiaj\u0105 si\u0119 nam r\u00f3\u017cne dolegliwo\u015bci. Ma\u0142y cz\u0142owiek nie potrafi sam przekaza\u0107 co mu dolega, dlatego te\u017c praca z maluszkami nie jest \u0142atwa. Co nie znaczy, \u017ce niemo\u017cliwa. Osteopatia pediatryczna to szczeg\u00f3lne spojrzenie na naszego&hellip;&nbsp;Czytaj dalej &raquo;Osteopatia pediatryczna\" \/>\n<meta property=\"og:url\" content=\"https:\/\/mimedical.pl\/?page_id=186\" \/>\n<meta property=\"og:site_name\" content=\"Mimedical Fizjoterapia i Osteopatia\" \/>\n<meta property=\"og:image\" content=\"https:\/\/mimedical.pl\/wp-content\/uploads\/2023\/04\/AdobeStock_81560560-1024x683.jpeg\" \/>\n<meta name=\"twitter:card\" content=\"summary_large_image\" \/>\n<meta name=\"twitter:label1\" content=\"Szacowany czas czytania\" \/>\n\t<meta name=\"twitter:data1\" content=\"2 minuty\" \/>\n<script type=\"application\/ld+json\" class=\"yoast-schema-graph\">{\"@context\":\"https:\/\/schema.org\",\"@graph\":[{\"@type\":\"WebPage\",\"@id\":\"https:\/\/mimedical.pl\/?page_id=186\",\"url\":\"https:\/\/mimedical.pl\/?page_id=186\",\"name\":\"Osteopatia pediatryczna - Mimedical Fizjoterapia i Osteopatia\",\"isPartOf\":{\"@id\":\"https:\/\/mimedical.pl\/#website\"},\"primaryImageOfPage\":{\"@id\":\"https:\/\/mimedical.pl\/?page_id=186#primaryimage\"},\"image\":{\"@id\":\"https:\/\/mimedical.pl\/?page_id=186#primaryimage\"},\"thumbnailUrl\":\"https:\/\/mimedical.pl\/wp-content\/uploads\/2023\/04\/AdobeStock_81560560-1024x683.jpeg\",\"datePublished\":\"2023-04-25T06:23:16+00:00\",\"dateModified\":\"2023-04-25T06:23:16+00:00\",\"breadcrumb\":{\"@id\":\"https:\/\/mimedical.pl\/?page_id=186#breadcrumb\"},\"inLanguage\":\"pl-PL\",\"potentialAction\":[{\"@type\":\"ReadAction\",\"target\":[\"https:\/\/mimedical.pl\/?page_id=186\"]}]},{\"@type\":\"ImageObject\",\"inLanguage\":\"pl-PL\",\"@id\":\"https:\/\/mimedical.pl\/?page_id=186#primaryimage\",\"url\":\"https:\/\/mimedical.pl\/wp-content\/uploads\/2023\/04\/AdobeStock_81560560-1024x683.jpeg\",\"contentUrl\":\"https:\/\/mimedical.pl\/wp-content\/uploads\/2023\/04\/AdobeStock_81560560-1024x683.jpeg\"},{\"@type\":\"BreadcrumbList\",\"@id\":\"https:\/\/mimedical.pl\/?page_id=186#breadcrumb\",\"itemListElement\":[{\"@type\":\"ListItem\",\"position\":1,\"name\":\"Strona g\u0142\u00f3wna\",\"item\":\"https:\/\/mimedical.pl\/\"},{\"@type\":\"ListItem\",\"position\":2,\"name\":\"Osteopatia pediatryczna\"}]},{\"@type\":\"WebSite\",\"@id\":\"https:\/\/mimedical.pl\/#website\",\"url\":\"https:\/\/mimedical.pl\/\",\"name\":\"Mimedical Fizjoterapia i Osteopatia\",\"description\":\"\",\"publisher\":{\"@id\":\"https:\/\/mimedical.pl\/#organization\"},\"potentialAction\":[{\"@type\":\"SearchAction\",\"target\":{\"@type\":\"EntryPoint\",\"urlTemplate\":\"https:\/\/mimedical.pl\/?s={search_term_string}\"},\"query-input\":{\"@type\":\"PropertyValueSpecification\",\"valueRequired\":true,\"valueName\":\"search_term_string\"}}],\"inLanguage\":\"pl-PL\"},{\"@type\":\"Organization\",\"@id\":\"https:\/\/mimedical.pl\/#organization\",\"name\":\"Mimedical Fizjoterapia i Osteopatia\",\"url\":\"https:\/\/mimedical.pl\/\",\"logo\":{\"@type\":\"ImageObject\",\"inLanguage\":\"pl-PL\",\"@id\":\"https:\/\/mimedical.pl\/#\/schema\/logo\/image\/\",\"url\":\"https:\/\/mimedical.pl\/wp-content\/uploads\/2023\/04\/AdobeStock_476169054-scaled.jpeg\",\"contentUrl\":\"https:\/\/mimedical.pl\/wp-content\/uploads\/2023\/04\/AdobeStock_476169054-scaled.jpeg\",\"width\":2560,\"height\":1707,\"caption\":\"Mimedical Fizjoterapia i Osteopatia\"},\"image\":{\"@id\":\"https:\/\/mimedical.pl\/#\/schema\/logo\/image\/\"}}]}<\/script>\n<!-- \/ Yoast SEO plugin. -->","yoast_head_json":{"title":"Osteopatia pediatryczna - Mimedical Fizjoterapia i Osteopatia","robots":{"index":"index","follow":"follow","max-snippet":"max-snippet:-1","max-image-preview":"max-image-preview:large","max-video-preview":"max-video-preview:-1"},"canonical":"https:\/\/mimedical.pl\/?page_id=186","og_locale":"pl_PL","og_type":"article","og_title":"Osteopatia pediatryczna - Mimedical Fizjoterapia i Osteopatia","og_description":"Osteopatia pediatryczna Niemowl\u0119ta zajmuj\u0105 szczeg\u00f3ln\u0105 cz\u0119\u015b\u0107 naszego serca, dlatego te\u017c otaczamy je szczeg\u00f3ln\u0105 trosk\u0105. Niestety ju\u017c na pocz\u0105tku naszego \u017cycia cz\u0119sto przytrafiaj\u0105 si\u0119 nam r\u00f3\u017cne dolegliwo\u015bci. Ma\u0142y cz\u0142owiek nie potrafi sam przekaza\u0107 co mu dolega, dlatego te\u017c praca z maluszkami nie jest \u0142atwa. Co nie znaczy, \u017ce niemo\u017cliwa. Osteopatia pediatryczna to szczeg\u00f3lne spojrzenie na naszego&hellip;&nbsp;Czytaj dalej &raquo;Osteopatia pediatryczna","og_url":"https:\/\/mimedical.pl\/?page_id=186","og_site_name":"Mimedical Fizjoterapia i Osteopatia","og_image":[{"url":"https:\/\/mimedical.pl\/wp-content\/uploads\/2023\/04\/AdobeStock_81560560-1024x683.jpeg"}],"twitter_card":"summary_large_image","twitter_misc":{"Szacowany czas czytania":"2 minuty"},"schema":{"@context":"https:\/\/schema.org","@graph":[{"@type":"WebPage","@id":"https:\/\/mimedical.pl\/?page_id=186","url":"https:\/\/mimedical.pl\/?page_id=186","name":"Osteopatia pediatryczna - Mimedical Fizjoterapia i Osteopatia","isPartOf":{"@id":"https:\/\/mimedical.pl\/#website"},"primaryImageOfPage":{"@id":"https:\/\/mimedical.pl\/?page_id=186#primaryimage"},"image":{"@id":"https:\/\/mimedical.pl\/?page_id=186#primaryimage"},"thumbnailUrl":"https:\/\/mimedical.pl\/wp-content\/uploads\/2023\/04\/AdobeStock_81560560-1024x683.jpeg","datePublished":"2023-04-25T06:23:16+00:00","dateModified":"2023-04-25T06:23:16+00:00","breadcrumb":{"@id":"https:\/\/mimedical.pl\/?page_id=186#breadcrumb"},"inLanguage":"pl-PL","potentialAction":[{"@type":"ReadAction","target":["https:\/\/mimedical.pl\/?page_id=186"]}]},{"@type":"ImageObject","inLanguage":"pl-PL","@id":"https:\/\/mimedical.pl\/?page_id=186#primaryimage","url":"https:\/\/mimedical.pl\/wp-content\/uploads\/2023\/04\/AdobeStock_81560560-1024x683.jpeg","contentUrl":"https:\/\/mimedical.pl\/wp-content\/uploads\/2023\/04\/AdobeStock_81560560-1024x683.jpeg"},{"@type":"BreadcrumbList","@id":"https:\/\/mimedical.pl\/?page_id=186#breadcrumb","itemListElement":[{"@type":"ListItem","position":1,"name":"Strona g\u0142\u00f3wna","item":"https:\/\/mimedical.pl\/"},{"@type":"ListItem","position":2,"name":"Osteopatia pediatryczna"}]},{"@type":"WebSite","@id":"https:\/\/mimedical.pl\/#website","url":"https:\/\/mimedical.pl\/","name":"Mimedical Fizjoterapia i Osteopatia","description":"","publisher":{"@id":"https:\/\/mimedical.pl\/#organization"},"potentialAction":[{"@type":"SearchAction","target":{"@type":"EntryPoint","urlTemplate":"https:\/\/mimedical.pl\/?s={search_term_string}"},"query-input":{"@type":"PropertyValueSpecification","valueRequired":true,"valueName":"search_term_string"}}],"inLanguage":"pl-PL"},{"@type":"Organization","@id":"https:\/\/mimedical.pl\/#organization","name":"Mimedical Fizjoterapia i Osteopatia","url":"https:\/\/mimedical.pl\/","logo":{"@type":"ImageObject","inLanguage":"pl-PL","@id":"https:\/\/mimedical.pl\/#\/schema\/logo\/image\/","url":"https:\/\/mimedical.pl\/wp-content\/uploads\/2023\/04\/AdobeStock_476169054-scaled.jpeg","contentUrl":"https:\/\/mimedical.pl\/wp-content\/uploads\/2023\/04\/AdobeStock_476169054-scaled.jpeg","width":2560,"height":1707,"caption":"Mimedical Fizjoterapia i Osteopatia"},"image":{"@id":"https:\/\/mimedical.pl\/#\/schema\/logo\/image\/"}}]}},"jetpack_sharing_enabled":true,"_links":{"self":[{"href":"https:\/\/mimedical.pl\/index.php?rest_route=\/wp\/v2\/pages\/186","targetHints":{"allow":["GET"]}}],"collection":[{"href":"https:\/\/mimedical.pl\/index.php?rest_route=\/wp\/v2\/pages"}],"about":[{"href":"https:\/\/mimedical.pl\/index.php?rest_route=\/wp\/v2\/types\/page"}],"author":[{"embeddable":true,"href":"https:\/\/mimedical.pl\/index.php?rest_route=\/wp\/v2\/users\/1"}],"replies":[{"embeddable":true,"href":"https:\/\/mimedical.pl\/index.php?rest_route=%2Fwp%2Fv2%2Fcomments&post=186"}],"version-history":[{"count":1,"href":"https:\/\/mimedical.pl\/index.php?rest_route=\/wp\/v2\/pages\/186\/revisions"}],"predecessor-version":[{"id":188,"href":"https:\/\/mimedical.pl\/index.php?rest_route=\/wp\/v2\/pages\/186\/revisions\/188"}],"wp:attachment":[{"href":"https:\/\/mimedical.pl\/index.php?rest_route=%2Fwp%2Fv2%2Fmedia&parent=186"}],"curies":[{"name":"wp","href":"https:\/\/api.w.org\/{rel}","templated":true}]}}