{"id":192,"date":"2023-04-25T06:30:40","date_gmt":"2023-04-25T06:30:40","guid":{"rendered":"https:\/\/mimedical.pl\/?page_id=192"},"modified":"2023-04-25T06:32:38","modified_gmt":"2023-04-25T06:32:38","slug":"osteopatia-i-fizjoterapia","status":"publish","type":"page","link":"https:\/\/mimedical.pl\/?page_id=192","title":{"rendered":"Osteopatia i Fizjoterapia"},"content":{"rendered":"\n<div class=\"wp-block-columns is-layout-flex wp-container-core-columns-is-layout-9d6595d7 wp-block-columns-is-layout-flex\">\n<div class=\"wp-block-column is-layout-flow wp-block-column-is-layout-flow\">\n<figure class=\"wp-block-image size-large\"><img fetchpriority=\"high\" decoding=\"async\" width=\"1024\" height=\"683\" src=\"https:\/\/mimedical.pl\/wp-content\/uploads\/2023\/04\/AdobeStock_57156782-1024x683.jpeg\" alt=\"\" class=\"wp-image-193\" srcset=\"https:\/\/mimedical.pl\/wp-content\/uploads\/2023\/04\/AdobeStock_57156782-1024x683.jpeg 1024w, https:\/\/mimedical.pl\/wp-content\/uploads\/2023\/04\/AdobeStock_57156782-300x200.jpeg 300w, https:\/\/mimedical.pl\/wp-content\/uploads\/2023\/04\/AdobeStock_57156782-768x512.jpeg 768w, https:\/\/mimedical.pl\/wp-content\/uploads\/2023\/04\/AdobeStock_57156782-1536x1024.jpeg 1536w, https:\/\/mimedical.pl\/wp-content\/uploads\/2023\/04\/AdobeStock_57156782-2048x1365.jpeg 2048w, https:\/\/mimedical.pl\/wp-content\/uploads\/2023\/04\/AdobeStock_57156782-930x620.jpeg 930w\" sizes=\"(max-width: 1024px) 100vw, 1024px\" \/><\/figure>\n<\/div>\n\n\n\n<div class=\"wp-block-column is-vertically-aligned-center is-layout-flow wp-block-column-is-layout-flow\">\n<p><strong>Doro\u015bli i m\u0142odzie\u017c<\/strong><\/p>\n\n\n\n<p>Terapia b\u00f3lu ostrego i przewlek\u0142ego: b\u00f3le kr\u0119gos\u0142upa, staw\u00f3w obwodowych, rwy kulszowej. <\/p>\n\n\n\n<p>Uraz\u00f3w sportowych: skr\u0119cenia stawu skokowego, uszkodzenia \u0142\u0105kotek, uszkodzenia wi\u0119zade\u0142 czy zapalenia \u015bci\u0119gien.<\/p>\n\n\n\n<p>Wspomaganie zaburze\u0144 uk\u0142adu pokarmowego: refluks, SIBO, zesp\u00f3\u0142 jelita dra\u017cliwego.<\/p>\n\n\n\n<p>Problem\u00f3w uk\u0142adu stomatognatycznego: zaburzenia stawu skroniowo \u017cuchwowego, bruksizm, migreny<\/p>\n\n\n\n<p>Stany pooperacyjne, Wady postawy u dzieci.  <\/p>\n\n\n\n<div class=\"wp-block-buttons is-layout-flex wp-block-buttons-is-layout-flex\">\n<div class=\"wp-block-button has-custom-font-size is-style-primary has-medium-font-size\"><a class=\"wp-block-button__link wp-element-button\" href=\"https:\/\/mimedical.pl\/?page_id=21\" style=\"border-radius:27px\">Um\u00f3w wizyt\u0119<\/a><\/div>\n<\/div>\n<\/div>\n<\/div>\n","protected":false},"excerpt":{"rendered":"<p>Doro\u015bli i m\u0142odzie\u017c Terapia b\u00f3lu ostrego i przewlek\u0142ego: b\u00f3le kr\u0119gos\u0142upa, staw\u00f3w obwodowych, rwy kulszowej. Uraz\u00f3w sportowych: skr\u0119cenia stawu skokowego, uszkodzenia \u0142\u0105kotek, uszkodzenia wi\u0119zade\u0142 czy zapalenia \u015bci\u0119gien. Wspomaganie zaburze\u0144 uk\u0142adu pokarmowego: refluks, SIBO, zesp\u00f3\u0142 jelita dra\u017cliwego. Problem\u00f3w uk\u0142adu stomatognatycznego: zaburzenia stawu skroniowo \u017cuchwowego, bruksizm, migreny Stany pooperacyjne, Wady postawy u dzieci.<\/p>\n","protected":false},"author":1,"featured_media":0,"parent":0,"menu_order":0,"comment_status":"closed","ping_status":"closed","template":"","meta":{"neve_meta_sidebar":"","neve_meta_container":"","neve_meta_enable_content_width":"","neve_meta_content_width":0,"neve_meta_title_alignment":"","neve_meta_author_avatar":"","neve_post_elements_order":"","neve_meta_disable_header":"","neve_meta_disable_footer":"","neve_meta_disable_title":"","footnotes":""},"class_list":["post-192","page","type-page","status-publish","hentry"],"yoast_head":"<!-- This site is optimized with the Yoast SEO plugin v23.9 - https:\/\/yoast.com\/wordpress\/plugins\/seo\/ -->\n<title>Osteopatia i Fizjoterapia - Mimedical Fizjoterapia i Osteopatia<\/title>\n<meta name=\"robots\" content=\"index, follow, max-snippet:-1, max-image-preview:large, max-video-preview:-1\" \/>\n<link rel=\"canonical\" href=\"https:\/\/mimedical.pl\/?page_id=192\" \/>\n<meta property=\"og:locale\" content=\"pl_PL\" \/>\n<meta property=\"og:type\" content=\"article\" \/>\n<meta property=\"og:title\" content=\"Osteopatia i Fizjoterapia - Mimedical Fizjoterapia i Osteopatia\" \/>\n<meta property=\"og:description\" content=\"Doro\u015bli i m\u0142odzie\u017c Terapia b\u00f3lu ostrego i przewlek\u0142ego: b\u00f3le kr\u0119gos\u0142upa, staw\u00f3w obwodowych, rwy kulszowej. Uraz\u00f3w sportowych: skr\u0119cenia stawu skokowego, uszkodzenia \u0142\u0105kotek, uszkodzenia wi\u0119zade\u0142 czy zapalenia \u015bci\u0119gien. Wspomaganie zaburze\u0144 uk\u0142adu pokarmowego: refluks, SIBO, zesp\u00f3\u0142 jelita dra\u017cliwego. Problem\u00f3w uk\u0142adu stomatognatycznego: zaburzenia stawu skroniowo \u017cuchwowego, bruksizm, migreny Stany pooperacyjne, Wady postawy u dzieci.\" \/>\n<meta property=\"og:url\" content=\"https:\/\/mimedical.pl\/?page_id=192\" \/>\n<meta property=\"og:site_name\" content=\"Mimedical Fizjoterapia i Osteopatia\" \/>\n<meta property=\"article:modified_time\" content=\"2023-04-25T06:32:38+00:00\" \/>\n<meta property=\"og:image\" content=\"https:\/\/mimedical.pl\/wp-content\/uploads\/2023\/04\/AdobeStock_57156782-1024x683.jpeg\" \/>\n<meta name=\"twitter:card\" content=\"summary_large_image\" \/>\n<meta name=\"twitter:label1\" content=\"Szacowany czas czytania\" \/>\n\t<meta name=\"twitter:data1\" content=\"1 minuta\" \/>\n<script type=\"application\/ld+json\" class=\"yoast-schema-graph\">{\"@context\":\"https:\/\/schema.org\",\"@graph\":[{\"@type\":\"WebPage\",\"@id\":\"https:\/\/mimedical.pl\/?page_id=192\",\"url\":\"https:\/\/mimedical.pl\/?page_id=192\",\"name\":\"Osteopatia i Fizjoterapia - Mimedical Fizjoterapia i Osteopatia\",\"isPartOf\":{\"@id\":\"https:\/\/mimedical.pl\/#website\"},\"primaryImageOfPage\":{\"@id\":\"https:\/\/mimedical.pl\/?page_id=192#primaryimage\"},\"image\":{\"@id\":\"https:\/\/mimedical.pl\/?page_id=192#primaryimage\"},\"thumbnailUrl\":\"https:\/\/mimedical.pl\/wp-content\/uploads\/2023\/04\/AdobeStock_57156782-1024x683.jpeg\",\"datePublished\":\"2023-04-25T06:30:40+00:00\",\"dateModified\":\"2023-04-25T06:32:38+00:00\",\"breadcrumb\":{\"@id\":\"https:\/\/mimedical.pl\/?page_id=192#breadcrumb\"},\"inLanguage\":\"pl-PL\",\"potentialAction\":[{\"@type\":\"ReadAction\",\"target\":[\"https:\/\/mimedical.pl\/?page_id=192\"]}]},{\"@type\":\"ImageObject\",\"inLanguage\":\"pl-PL\",\"@id\":\"https:\/\/mimedical.pl\/?page_id=192#primaryimage\",\"url\":\"https:\/\/mimedical.pl\/wp-content\/uploads\/2023\/04\/AdobeStock_57156782-1024x683.jpeg\",\"contentUrl\":\"https:\/\/mimedical.pl\/wp-content\/uploads\/2023\/04\/AdobeStock_57156782-1024x683.jpeg\"},{\"@type\":\"BreadcrumbList\",\"@id\":\"https:\/\/mimedical.pl\/?page_id=192#breadcrumb\",\"itemListElement\":[{\"@type\":\"ListItem\",\"position\":1,\"name\":\"Strona g\u0142\u00f3wna\",\"item\":\"https:\/\/mimedical.pl\/\"},{\"@type\":\"ListItem\",\"position\":2,\"name\":\"Osteopatia i Fizjoterapia\"}]},{\"@type\":\"WebSite\",\"@id\":\"https:\/\/mimedical.pl\/#website\",\"url\":\"https:\/\/mimedical.pl\/\",\"name\":\"Mimedical Fizjoterapia i Osteopatia\",\"description\":\"\",\"publisher\":{\"@id\":\"https:\/\/mimedical.pl\/#organization\"},\"potentialAction\":[{\"@type\":\"SearchAction\",\"target\":{\"@type\":\"EntryPoint\",\"urlTemplate\":\"https:\/\/mimedical.pl\/?s={search_term_string}\"},\"query-input\":{\"@type\":\"PropertyValueSpecification\",\"valueRequired\":true,\"valueName\":\"search_term_string\"}}],\"inLanguage\":\"pl-PL\"},{\"@type\":\"Organization\",\"@id\":\"https:\/\/mimedical.pl\/#organization\",\"name\":\"Mimedical Fizjoterapia i Osteopatia\",\"url\":\"https:\/\/mimedical.pl\/\",\"logo\":{\"@type\":\"ImageObject\",\"inLanguage\":\"pl-PL\",\"@id\":\"https:\/\/mimedical.pl\/#\/schema\/logo\/image\/\",\"url\":\"https:\/\/mimedical.pl\/wp-content\/uploads\/2023\/04\/AdobeStock_476169054-scaled.jpeg\",\"contentUrl\":\"https:\/\/mimedical.pl\/wp-content\/uploads\/2023\/04\/AdobeStock_476169054-scaled.jpeg\",\"width\":2560,\"height\":1707,\"caption\":\"Mimedical Fizjoterapia i Osteopatia\"},\"image\":{\"@id\":\"https:\/\/mimedical.pl\/#\/schema\/logo\/image\/\"}}]}<\/script>\n<!-- \/ Yoast SEO plugin. -->","yoast_head_json":{"title":"Osteopatia i Fizjoterapia - Mimedical Fizjoterapia i Osteopatia","robots":{"index":"index","follow":"follow","max-snippet":"max-snippet:-1","max-image-preview":"max-image-preview:large","max-video-preview":"max-video-preview:-1"},"canonical":"https:\/\/mimedical.pl\/?page_id=192","og_locale":"pl_PL","og_type":"article","og_title":"Osteopatia i Fizjoterapia - Mimedical Fizjoterapia i Osteopatia","og_description":"Doro\u015bli i m\u0142odzie\u017c Terapia b\u00f3lu ostrego i przewlek\u0142ego: b\u00f3le kr\u0119gos\u0142upa, staw\u00f3w obwodowych, rwy kulszowej. Uraz\u00f3w sportowych: skr\u0119cenia stawu skokowego, uszkodzenia \u0142\u0105kotek, uszkodzenia wi\u0119zade\u0142 czy zapalenia \u015bci\u0119gien. Wspomaganie zaburze\u0144 uk\u0142adu pokarmowego: refluks, SIBO, zesp\u00f3\u0142 jelita dra\u017cliwego. Problem\u00f3w uk\u0142adu stomatognatycznego: zaburzenia stawu skroniowo \u017cuchwowego, bruksizm, migreny Stany pooperacyjne, Wady postawy u dzieci.","og_url":"https:\/\/mimedical.pl\/?page_id=192","og_site_name":"Mimedical Fizjoterapia i Osteopatia","article_modified_time":"2023-04-25T06:32:38+00:00","og_image":[{"url":"https:\/\/mimedical.pl\/wp-content\/uploads\/2023\/04\/AdobeStock_57156782-1024x683.jpeg"}],"twitter_card":"summary_large_image","twitter_misc":{"Szacowany czas czytania":"1 minuta"},"schema":{"@context":"https:\/\/schema.org","@graph":[{"@type":"WebPage","@id":"https:\/\/mimedical.pl\/?page_id=192","url":"https:\/\/mimedical.pl\/?page_id=192","name":"Osteopatia i Fizjoterapia - Mimedical Fizjoterapia i Osteopatia","isPartOf":{"@id":"https:\/\/mimedical.pl\/#website"},"primaryImageOfPage":{"@id":"https:\/\/mimedical.pl\/?page_id=192#primaryimage"},"image":{"@id":"https:\/\/mimedical.pl\/?page_id=192#primaryimage"},"thumbnailUrl":"https:\/\/mimedical.pl\/wp-content\/uploads\/2023\/04\/AdobeStock_57156782-1024x683.jpeg","datePublished":"2023-04-25T06:30:40+00:00","dateModified":"2023-04-25T06:32:38+00:00","breadcrumb":{"@id":"https:\/\/mimedical.pl\/?page_id=192#breadcrumb"},"inLanguage":"pl-PL","potentialAction":[{"@type":"ReadAction","target":["https:\/\/mimedical.pl\/?page_id=192"]}]},{"@type":"ImageObject","inLanguage":"pl-PL","@id":"https:\/\/mimedical.pl\/?page_id=192#primaryimage","url":"https:\/\/mimedical.pl\/wp-content\/uploads\/2023\/04\/AdobeStock_57156782-1024x683.jpeg","contentUrl":"https:\/\/mimedical.pl\/wp-content\/uploads\/2023\/04\/AdobeStock_57156782-1024x683.jpeg"},{"@type":"BreadcrumbList","@id":"https:\/\/mimedical.pl\/?page_id=192#breadcrumb","itemListElement":[{"@type":"ListItem","position":1,"name":"Strona g\u0142\u00f3wna","item":"https:\/\/mimedical.pl\/"},{"@type":"ListItem","position":2,"name":"Osteopatia i Fizjoterapia"}]},{"@type":"WebSite","@id":"https:\/\/mimedical.pl\/#website","url":"https:\/\/mimedical.pl\/","name":"Mimedical Fizjoterapia i Osteopatia","description":"","publisher":{"@id":"https:\/\/mimedical.pl\/#organization"},"potentialAction":[{"@type":"SearchAction","target":{"@type":"EntryPoint","urlTemplate":"https:\/\/mimedical.pl\/?s={search_term_string}"},"query-input":{"@type":"PropertyValueSpecification","valueRequired":true,"valueName":"search_term_string"}}],"inLanguage":"pl-PL"},{"@type":"Organization","@id":"https:\/\/mimedical.pl\/#organization","name":"Mimedical Fizjoterapia i Osteopatia","url":"https:\/\/mimedical.pl\/","logo":{"@type":"ImageObject","inLanguage":"pl-PL","@id":"https:\/\/mimedical.pl\/#\/schema\/logo\/image\/","url":"https:\/\/mimedical.pl\/wp-content\/uploads\/2023\/04\/AdobeStock_476169054-scaled.jpeg","contentUrl":"https:\/\/mimedical.pl\/wp-content\/uploads\/2023\/04\/AdobeStock_476169054-scaled.jpeg","width":2560,"height":1707,"caption":"Mimedical Fizjoterapia i Osteopatia"},"image":{"@id":"https:\/\/mimedical.pl\/#\/schema\/logo\/image\/"}}]}},"jetpack_sharing_enabled":true,"_links":{"self":[{"href":"https:\/\/mimedical.pl\/index.php?rest_route=\/wp\/v2\/pages\/192","targetHints":{"allow":["GET"]}}],"collection":[{"href":"https:\/\/mimedical.pl\/index.php?rest_route=\/wp\/v2\/pages"}],"about":[{"href":"https:\/\/mimedical.pl\/index.php?rest_route=\/wp\/v2\/types\/page"}],"author":[{"embeddable":true,"href":"https:\/\/mimedical.pl\/index.php?rest_route=\/wp\/v2\/users\/1"}],"replies":[{"embeddable":true,"href":"https:\/\/mimedical.pl\/index.php?rest_route=%2Fwp%2Fv2%2Fcomments&post=192"}],"version-history":[{"count":2,"href":"https:\/\/mimedical.pl\/index.php?rest_route=\/wp\/v2\/pages\/192\/revisions"}],"predecessor-version":[{"id":197,"href":"https:\/\/mimedical.pl\/index.php?rest_route=\/wp\/v2\/pages\/192\/revisions\/197"}],"wp:attachment":[{"href":"https:\/\/mimedical.pl\/index.php?rest_route=%2Fwp%2Fv2%2Fmedia&parent=192"}],"curies":[{"name":"wp","href":"https:\/\/api.w.org\/{rel}","templated":true}]}}