{"id":198,"date":"2023-04-25T06:39:47","date_gmt":"2023-04-25T06:39:47","guid":{"rendered":"https:\/\/mimedical.pl\/?page_id=198"},"modified":"2024-11-21T09:57:03","modified_gmt":"2024-11-21T09:57:03","slug":"cennik","status":"publish","type":"page","link":"https:\/\/mimedical.pl\/?page_id=198","title":{"rendered":"Cennik"},"content":{"rendered":"\t\t<div data-elementor-type=\"wp-page\" data-elementor-id=\"198\" class=\"elementor elementor-198\">\n\t\t\t\t\t\t<section class=\"elementor-section elementor-top-section elementor-element elementor-element-725db2bb elementor-section-boxed elementor-section-height-default elementor-section-height-default\" data-id=\"725db2bb\" data-element_type=\"section\">\n\t\t\t\t\t\t<div class=\"elementor-container elementor-column-gap-default\">\n\t\t\t\t\t<div class=\"elementor-column elementor-col-100 elementor-top-column elementor-element elementor-element-78b66bbd\" data-id=\"78b66bbd\" data-element_type=\"column\">\n\t\t\t<div class=\"elementor-widget-wrap elementor-element-populated\">\n\t\t\t\t\t\t<div class=\"elementor-element elementor-element-78469249 elementor-widget elementor-widget-text-editor\" data-id=\"78469249\" data-element_type=\"widget\" data-widget_type=\"text-editor.default\">\n\t\t\t\t<div class=\"elementor-widget-container\">\n\t\t\t\t\t\t\t<figure class=\"wp-block-table alignfull is-style-stripes\">\n<table>\n<tbody>\n<tr>\n<td class=\"has-text-align-center\" data-align=\"center\">\n<p><strong><mark class=\"has-inline-color has-neve-link-color-color\" style=\"background-color: rgba(0, 0, 0, 0);\">Wizyta<\/mark><\/strong><\/p>\n<\/td>\n<td class=\"has-text-align-center\" data-align=\"center\"><strong><mark class=\"has-inline-color has-neve-link-color-color\" style=\"background-color: rgba(0, 0, 0, 0);\">200 z\u0142<\/mark><\/strong><\/td>\n<\/tr>\n<tr>\n<td class=\"has-text-align-center\" data-align=\"center\">\n<p><strong><mark class=\"has-inline-color has-neve-link-color-color\" style=\"background-color: rgba(0, 0, 0, 0);\">Pakiet 5 wizyt<\/mark><\/strong>**<\/p>\n<\/td>\n<td class=\"has-text-align-center\" data-align=\"center\"><strong><mark class=\"has-inline-color has-neve-link-color-color\" style=\"background-color: rgba(0, 0, 0, 0);\">900 z\u0142<\/mark><\/strong><\/td>\n<\/tr>\n<\/tbody>\n<\/table>\n<figcaption class=\"wp-element-caption\">Czas wizyty jest uzale\u017cniony od wielu czynnik\u00f3w mo\u017ce ona trwa\u0107 <strong><mark class=\"has-inline-color has-neve-link-color-color\" style=\"background-color: rgba(0, 0, 0, 0);\">do 45 minut<\/mark><\/strong><br \/>*Pakiet 5 wizyt mo\u017cna zakupi\u0107 po odbyciu pierwszej wizyty.<br \/>*Pakiet 5 wizyt wa\u017cny jest 60 dni kalendarzowych od daty zakupu<\/figcaption>\n<\/figure>\n<p><!-- \/wp:table --><\/p>\t\t\t\t\t\t<\/div>\n\t\t\t\t<\/div>\n\t\t\t\t\t<\/div>\n\t\t<\/div>\n\t\t\t\t\t<\/div>\n\t\t<\/section>\n\t\t\t\t<\/div>\n\t\t","protected":false},"excerpt":{"rendered":"<p>Wizyta 200 z\u0142 Pakiet 5 wizyt** 900 z\u0142 Czas wizyty jest uzale\u017cniony od wielu czynnik\u00f3w mo\u017ce ona trwa\u0107 do 45 minut*Pakiet 5 wizyt mo\u017cna zakupi\u0107 po odbyciu pierwszej wizyty.*Pakiet 5 wizyt wa\u017cny jest 60 dni kalendarzowych od daty zakupu<\/p>\n","protected":false},"author":1,"featured_media":0,"parent":0,"menu_order":0,"comment_status":"closed","ping_status":"closed","template":"","meta":{"neve_meta_sidebar":"","neve_meta_container":"","neve_meta_enable_content_width":"","neve_meta_content_width":0,"neve_meta_title_alignment":"","neve_meta_author_avatar":"","neve_post_elements_order":"","neve_meta_disable_header":"","neve_meta_disable_footer":"","neve_meta_disable_title":"","footnotes":""},"class_list":["post-198","page","type-page","status-publish","hentry"],"yoast_head":"<!-- This site is optimized with the Yoast SEO plugin v23.9 - https:\/\/yoast.com\/wordpress\/plugins\/seo\/ -->\n<title>Cennik - Mimedical Fizjoterapia i Osteopatia<\/title>\n<meta name=\"robots\" content=\"index, follow, max-snippet:-1, max-image-preview:large, max-video-preview:-1\" \/>\n<link rel=\"canonical\" href=\"https:\/\/mimedical.pl\/?page_id=198\" \/>\n<meta property=\"og:locale\" content=\"pl_PL\" \/>\n<meta property=\"og:type\" content=\"article\" \/>\n<meta property=\"og:title\" content=\"Cennik - Mimedical Fizjoterapia i Osteopatia\" \/>\n<meta property=\"og:description\" content=\"Wizyta 200 z\u0142 Pakiet 5 wizyt** 900 z\u0142 Czas wizyty jest uzale\u017cniony od wielu czynnik\u00f3w mo\u017ce ona trwa\u0107 do 45 minut*Pakiet 5 wizyt mo\u017cna zakupi\u0107 po odbyciu pierwszej wizyty.*Pakiet 5 wizyt wa\u017cny jest 60 dni kalendarzowych od daty zakupu\" \/>\n<meta property=\"og:url\" content=\"https:\/\/mimedical.pl\/?page_id=198\" \/>\n<meta property=\"og:site_name\" content=\"Mimedical Fizjoterapia i Osteopatia\" \/>\n<meta property=\"article:modified_time\" content=\"2024-11-21T09:57:03+00:00\" \/>\n<meta name=\"twitter:card\" content=\"summary_large_image\" \/>\n<meta name=\"twitter:label1\" content=\"Szacowany czas czytania\" \/>\n\t<meta name=\"twitter:data1\" content=\"1 minuta\" \/>\n<script type=\"application\/ld+json\" class=\"yoast-schema-graph\">{\"@context\":\"https:\/\/schema.org\",\"@graph\":[{\"@type\":\"WebPage\",\"@id\":\"https:\/\/mimedical.pl\/?page_id=198\",\"url\":\"https:\/\/mimedical.pl\/?page_id=198\",\"name\":\"Cennik - Mimedical Fizjoterapia i Osteopatia\",\"isPartOf\":{\"@id\":\"https:\/\/mimedical.pl\/#website\"},\"datePublished\":\"2023-04-25T06:39:47+00:00\",\"dateModified\":\"2024-11-21T09:57:03+00:00\",\"breadcrumb\":{\"@id\":\"https:\/\/mimedical.pl\/?page_id=198#breadcrumb\"},\"inLanguage\":\"pl-PL\",\"potentialAction\":[{\"@type\":\"ReadAction\",\"target\":[\"https:\/\/mimedical.pl\/?page_id=198\"]}]},{\"@type\":\"BreadcrumbList\",\"@id\":\"https:\/\/mimedical.pl\/?page_id=198#breadcrumb\",\"itemListElement\":[{\"@type\":\"ListItem\",\"position\":1,\"name\":\"Strona g\u0142\u00f3wna\",\"item\":\"https:\/\/mimedical.pl\/\"},{\"@type\":\"ListItem\",\"position\":2,\"name\":\"Cennik\"}]},{\"@type\":\"WebSite\",\"@id\":\"https:\/\/mimedical.pl\/#website\",\"url\":\"https:\/\/mimedical.pl\/\",\"name\":\"Mimedical Fizjoterapia i Osteopatia\",\"description\":\"\",\"publisher\":{\"@id\":\"https:\/\/mimedical.pl\/#organization\"},\"potentialAction\":[{\"@type\":\"SearchAction\",\"target\":{\"@type\":\"EntryPoint\",\"urlTemplate\":\"https:\/\/mimedical.pl\/?s={search_term_string}\"},\"query-input\":{\"@type\":\"PropertyValueSpecification\",\"valueRequired\":true,\"valueName\":\"search_term_string\"}}],\"inLanguage\":\"pl-PL\"},{\"@type\":\"Organization\",\"@id\":\"https:\/\/mimedical.pl\/#organization\",\"name\":\"Mimedical Fizjoterapia i Osteopatia\",\"url\":\"https:\/\/mimedical.pl\/\",\"logo\":{\"@type\":\"ImageObject\",\"inLanguage\":\"pl-PL\",\"@id\":\"https:\/\/mimedical.pl\/#\/schema\/logo\/image\/\",\"url\":\"https:\/\/mimedical.pl\/wp-content\/uploads\/2023\/04\/AdobeStock_476169054-scaled.jpeg\",\"contentUrl\":\"https:\/\/mimedical.pl\/wp-content\/uploads\/2023\/04\/AdobeStock_476169054-scaled.jpeg\",\"width\":2560,\"height\":1707,\"caption\":\"Mimedical Fizjoterapia i Osteopatia\"},\"image\":{\"@id\":\"https:\/\/mimedical.pl\/#\/schema\/logo\/image\/\"}}]}<\/script>\n<!-- \/ Yoast SEO plugin. -->","yoast_head_json":{"title":"Cennik - Mimedical Fizjoterapia i Osteopatia","robots":{"index":"index","follow":"follow","max-snippet":"max-snippet:-1","max-image-preview":"max-image-preview:large","max-video-preview":"max-video-preview:-1"},"canonical":"https:\/\/mimedical.pl\/?page_id=198","og_locale":"pl_PL","og_type":"article","og_title":"Cennik - Mimedical Fizjoterapia i Osteopatia","og_description":"Wizyta 200 z\u0142 Pakiet 5 wizyt** 900 z\u0142 Czas wizyty jest uzale\u017cniony od wielu czynnik\u00f3w mo\u017ce ona trwa\u0107 do 45 minut*Pakiet 5 wizyt mo\u017cna zakupi\u0107 po odbyciu pierwszej wizyty.*Pakiet 5 wizyt wa\u017cny jest 60 dni kalendarzowych od daty zakupu","og_url":"https:\/\/mimedical.pl\/?page_id=198","og_site_name":"Mimedical Fizjoterapia i Osteopatia","article_modified_time":"2024-11-21T09:57:03+00:00","twitter_card":"summary_large_image","twitter_misc":{"Szacowany czas czytania":"1 minuta"},"schema":{"@context":"https:\/\/schema.org","@graph":[{"@type":"WebPage","@id":"https:\/\/mimedical.pl\/?page_id=198","url":"https:\/\/mimedical.pl\/?page_id=198","name":"Cennik - Mimedical Fizjoterapia i Osteopatia","isPartOf":{"@id":"https:\/\/mimedical.pl\/#website"},"datePublished":"2023-04-25T06:39:47+00:00","dateModified":"2024-11-21T09:57:03+00:00","breadcrumb":{"@id":"https:\/\/mimedical.pl\/?page_id=198#breadcrumb"},"inLanguage":"pl-PL","potentialAction":[{"@type":"ReadAction","target":["https:\/\/mimedical.pl\/?page_id=198"]}]},{"@type":"BreadcrumbList","@id":"https:\/\/mimedical.pl\/?page_id=198#breadcrumb","itemListElement":[{"@type":"ListItem","position":1,"name":"Strona g\u0142\u00f3wna","item":"https:\/\/mimedical.pl\/"},{"@type":"ListItem","position":2,"name":"Cennik"}]},{"@type":"WebSite","@id":"https:\/\/mimedical.pl\/#website","url":"https:\/\/mimedical.pl\/","name":"Mimedical Fizjoterapia i Osteopatia","description":"","publisher":{"@id":"https:\/\/mimedical.pl\/#organization"},"potentialAction":[{"@type":"SearchAction","target":{"@type":"EntryPoint","urlTemplate":"https:\/\/mimedical.pl\/?s={search_term_string}"},"query-input":{"@type":"PropertyValueSpecification","valueRequired":true,"valueName":"search_term_string"}}],"inLanguage":"pl-PL"},{"@type":"Organization","@id":"https:\/\/mimedical.pl\/#organization","name":"Mimedical Fizjoterapia i Osteopatia","url":"https:\/\/mimedical.pl\/","logo":{"@type":"ImageObject","inLanguage":"pl-PL","@id":"https:\/\/mimedical.pl\/#\/schema\/logo\/image\/","url":"https:\/\/mimedical.pl\/wp-content\/uploads\/2023\/04\/AdobeStock_476169054-scaled.jpeg","contentUrl":"https:\/\/mimedical.pl\/wp-content\/uploads\/2023\/04\/AdobeStock_476169054-scaled.jpeg","width":2560,"height":1707,"caption":"Mimedical Fizjoterapia i Osteopatia"},"image":{"@id":"https:\/\/mimedical.pl\/#\/schema\/logo\/image\/"}}]}},"jetpack_sharing_enabled":true,"_links":{"self":[{"href":"https:\/\/mimedical.pl\/index.php?rest_route=\/wp\/v2\/pages\/198","targetHints":{"allow":["GET"]}}],"collection":[{"href":"https:\/\/mimedical.pl\/index.php?rest_route=\/wp\/v2\/pages"}],"about":[{"href":"https:\/\/mimedical.pl\/index.php?rest_route=\/wp\/v2\/types\/page"}],"author":[{"embeddable":true,"href":"https:\/\/mimedical.pl\/index.php?rest_route=\/wp\/v2\/users\/1"}],"replies":[{"embeddable":true,"href":"https:\/\/mimedical.pl\/index.php?rest_route=%2Fwp%2Fv2%2Fcomments&post=198"}],"version-history":[{"count":20,"href":"https:\/\/mimedical.pl\/index.php?rest_route=\/wp\/v2\/pages\/198\/revisions"}],"predecessor-version":[{"id":400,"href":"https:\/\/mimedical.pl\/index.php?rest_route=\/wp\/v2\/pages\/198\/revisions\/400"}],"wp:attachment":[{"href":"https:\/\/mimedical.pl\/index.php?rest_route=%2Fwp%2Fv2%2Fmedia&parent=198"}],"curies":[{"name":"wp","href":"https:\/\/api.w.org\/{rel}","templated":true}]}}