{"id":20,"date":"2023-03-02T14:06:00","date_gmt":"2023-03-02T14:06:00","guid":{"rendered":"https:\/\/mimedical.dbox.pl\/?page_id=20"},"modified":"2023-04-26T06:41:17","modified_gmt":"2023-04-26T06:41:17","slug":"portofolio","status":"publish","type":"page","link":"https:\/\/mimedical.pl\/?page_id=20","title":{"rendered":"Us\u0142ugi"},"content":{"rendered":"\n<div class=\"wp-block-columns is-layout-flex wp-container-core-columns-is-layout-9d6595d7 wp-block-columns-is-layout-flex\">\n<div class=\"wp-block-column is-layout-flow wp-block-column-is-layout-flow\" style=\"flex-basis:100%\">\n<div class=\"wp-block-cover is-light\" style=\"min-height:288px;aspect-ratio:unset;\"><span aria-hidden=\"true\" class=\"wp-block-cover__background has-background-dim\"><\/span><img fetchpriority=\"high\" decoding=\"async\" width=\"2560\" height=\"1707\" class=\"wp-block-cover__image-background wp-image-178\" alt=\"\" src=\"https:\/\/mimedical.pl\/wp-content\/uploads\/2023\/04\/AdobeStock_188880086-scaled.jpeg\" data-object-fit=\"cover\" srcset=\"https:\/\/mimedical.pl\/wp-content\/uploads\/2023\/04\/AdobeStock_188880086-scaled.jpeg 2560w, https:\/\/mimedical.pl\/wp-content\/uploads\/2023\/04\/AdobeStock_188880086-300x200.jpeg 300w, https:\/\/mimedical.pl\/wp-content\/uploads\/2023\/04\/AdobeStock_188880086-1024x683.jpeg 1024w, https:\/\/mimedical.pl\/wp-content\/uploads\/2023\/04\/AdobeStock_188880086-768x512.jpeg 768w, https:\/\/mimedical.pl\/wp-content\/uploads\/2023\/04\/AdobeStock_188880086-1536x1024.jpeg 1536w, https:\/\/mimedical.pl\/wp-content\/uploads\/2023\/04\/AdobeStock_188880086-2048x1365.jpeg 2048w, https:\/\/mimedical.pl\/wp-content\/uploads\/2023\/04\/AdobeStock_188880086-930x620.jpeg 930w\" sizes=\"(max-width: 2560px) 100vw, 2560px\" \/><div class=\"wp-block-cover__inner-container is-layout-flow wp-block-cover-is-layout-flow\">\n<p class=\"has-text-align-center has-large-font-size\"><mark style=\"background-color:rgba(0, 0, 0, 0)\" class=\"has-inline-color has-neve-link-color-color\"><a href=\"https:\/\/mimedical.pl\/?page_id=192\">Osteopatia i Fizjoterapia doros\u0142ych i dzieci<\/a><\/mark><\/p>\n<\/div><\/div>\n\n\n\n<div style=\"height:37px\" aria-hidden=\"true\" class=\"wp-block-spacer\"><\/div>\n\n\n\n<div class=\"wp-block-cover is-light\" style=\"min-height:288px;aspect-ratio:unset;\"><span aria-hidden=\"true\" class=\"wp-block-cover__background has-background-dim\"><\/span><img decoding=\"async\" width=\"2560\" height=\"1707\" class=\"wp-block-cover__image-background wp-image-174\" alt=\"\" src=\"https:\/\/mimedical.pl\/wp-content\/uploads\/2023\/04\/AdobeStock_476169054-1-scaled.jpeg\" data-object-fit=\"cover\" srcset=\"https:\/\/mimedical.pl\/wp-content\/uploads\/2023\/04\/AdobeStock_476169054-1-scaled.jpeg 2560w, https:\/\/mimedical.pl\/wp-content\/uploads\/2023\/04\/AdobeStock_476169054-1-300x200.jpeg 300w, https:\/\/mimedical.pl\/wp-content\/uploads\/2023\/04\/AdobeStock_476169054-1-1024x683.jpeg 1024w, https:\/\/mimedical.pl\/wp-content\/uploads\/2023\/04\/AdobeStock_476169054-1-768x512.jpeg 768w, https:\/\/mimedical.pl\/wp-content\/uploads\/2023\/04\/AdobeStock_476169054-1-1536x1024.jpeg 1536w, https:\/\/mimedical.pl\/wp-content\/uploads\/2023\/04\/AdobeStock_476169054-1-2048x1365.jpeg 2048w, https:\/\/mimedical.pl\/wp-content\/uploads\/2023\/04\/AdobeStock_476169054-1-930x620.jpeg 930w\" sizes=\"(max-width: 2560px) 100vw, 2560px\" \/><div class=\"wp-block-cover__inner-container is-layout-flow wp-block-cover-is-layout-flow\">\n<p class=\"has-text-align-center has-large-font-size\"><mark style=\"background-color:rgba(0, 0, 0, 0)\" class=\"has-inline-color has-neve-link-color-color\"><a href=\"https:\/\/mimedical.pl\/?page_id=167\">Osteopatia Kobiet w ci\u0105zy<\/a><\/mark><\/p>\n<\/div><\/div>\n\n\n\n<div style=\"height:37px\" aria-hidden=\"true\" class=\"wp-block-spacer\"><\/div>\n\n\n\n<div class=\"wp-block-cover is-light\" style=\"min-height:309px;aspect-ratio:unset;\"><span aria-hidden=\"true\" class=\"wp-block-cover__background has-background-dim\"><\/span><img decoding=\"async\" width=\"2560\" height=\"1707\" class=\"wp-block-cover__image-background wp-image-187\" alt=\"\" src=\"https:\/\/mimedical.pl\/wp-content\/uploads\/2023\/04\/AdobeStock_81560560-scaled.jpeg\" data-object-fit=\"cover\" srcset=\"https:\/\/mimedical.pl\/wp-content\/uploads\/2023\/04\/AdobeStock_81560560-scaled.jpeg 2560w, https:\/\/mimedical.pl\/wp-content\/uploads\/2023\/04\/AdobeStock_81560560-300x200.jpeg 300w, https:\/\/mimedical.pl\/wp-content\/uploads\/2023\/04\/AdobeStock_81560560-1024x683.jpeg 1024w, https:\/\/mimedical.pl\/wp-content\/uploads\/2023\/04\/AdobeStock_81560560-768x512.jpeg 768w, https:\/\/mimedical.pl\/wp-content\/uploads\/2023\/04\/AdobeStock_81560560-1536x1024.jpeg 1536w, https:\/\/mimedical.pl\/wp-content\/uploads\/2023\/04\/AdobeStock_81560560-2048x1365.jpeg 2048w, https:\/\/mimedical.pl\/wp-content\/uploads\/2023\/04\/AdobeStock_81560560-930x620.jpeg 930w\" sizes=\"(max-width: 2560px) 100vw, 2560px\" \/><div class=\"wp-block-cover__inner-container is-layout-flow wp-block-cover-is-layout-flow\">\n<p class=\"has-text-align-center has-large-font-size\"><mark style=\"background-color:rgba(0, 0, 0, 0)\" class=\"has-inline-color has-neve-link-color-color\"><a href=\"https:\/\/mimedical.pl\/?page_id=186\">Osteopatia pediatryczna<\/a><\/mark><\/p>\n<\/div><\/div>\n<\/div>\n<\/div>\n\n\n\n<div class=\"wp-block-columns is-layout-flex wp-container-core-columns-is-layout-9d6595d7 wp-block-columns-is-layout-flex\">\n<div class=\"wp-block-column is-layout-flow wp-block-column-is-layout-flow\" style=\"flex-basis:100%\"><\/div>\n<\/div>\n\n\n\n<div class=\"wp-block-cover alignfull\" style=\"min-height:300px;aspect-ratio:unset;\"><span aria-hidden=\"true\" class=\"wp-block-cover__background has-nv-dark-bg-background-color has-background-dim-100 has-background-dim\"><\/span><div class=\"wp-block-cover__inner-container is-layout-flow wp-block-cover-is-layout-flow\">\n<div style=\"height:80px\" aria-hidden=\"true\" class=\"wp-block-spacer\"><\/div>\n\n\n<div class=\"wp-block-image is-style-rounded\">\n<figure class=\"aligncenter size-large is-resized\"><img loading=\"lazy\" decoding=\"async\" src=\"https:\/\/mimedical.pl\/wp-content\/uploads\/2023\/03\/BM__1179_OK1-edited-1024x1024.jpg\" alt=\"\" class=\"wp-image-79\" width=\"200\" height=\"200\" srcset=\"https:\/\/mimedical.pl\/wp-content\/uploads\/2023\/03\/BM__1179_OK1-edited-1024x1024.jpg 1024w, https:\/\/mimedical.pl\/wp-content\/uploads\/2023\/03\/BM__1179_OK1-edited-300x300.jpg 300w, https:\/\/mimedical.pl\/wp-content\/uploads\/2023\/03\/BM__1179_OK1-edited-150x150.jpg 150w, https:\/\/mimedical.pl\/wp-content\/uploads\/2023\/03\/BM__1179_OK1-edited-768x768.jpg 768w, https:\/\/mimedical.pl\/wp-content\/uploads\/2023\/03\/BM__1179_OK1-edited-1536x1536.jpg 1536w, https:\/\/mimedical.pl\/wp-content\/uploads\/2023\/03\/BM__1179_OK1-edited.jpg 1795w\" sizes=\"(max-width: 200px) 100vw, 200px\" \/><\/figure>\n<\/div>\n\n\n<p class=\"has-text-align-center has-nv-text-dark-bg-color has-text-color\">\u201cKa\u017cdy pacjent to osobna historia, kt\u00f3ra nie mo\u017ce by\u0107 opowiedziana dwa razy\u201d<\/p>\n\n\n\n<p class=\"has-text-align-center has-nv-text-dark-bg-color has-text-color\" style=\"font-size:14px\">mgr Micha\u0142 Szuplak<\/p>\n\n\n\n<div style=\"height:80px\" aria-hidden=\"true\" class=\"wp-block-spacer\"><\/div>\n<\/div><\/div>\n","protected":false},"excerpt":{"rendered":"","protected":false},"author":1,"featured_media":0,"parent":0,"menu_order":0,"comment_status":"closed","ping_status":"closed","template":"","meta":{"neve_meta_sidebar":"","neve_meta_container":"","neve_meta_enable_content_width":"on","neve_meta_content_width":100,"neve_meta_title_alignment":"","neve_meta_author_avatar":"","neve_post_elements_order":"","neve_meta_disable_header":"","neve_meta_disable_footer":"","neve_meta_disable_title":"on","footnotes":""},"class_list":["post-20","page","type-page","status-publish","hentry"],"yoast_head":"<!-- This site is optimized with the Yoast SEO plugin v23.9 - https:\/\/yoast.com\/wordpress\/plugins\/seo\/ -->\n<title>Us\u0142ugi - Mimedical Fizjoterapia i Osteopatia<\/title>\n<meta name=\"robots\" content=\"index, follow, max-snippet:-1, max-image-preview:large, max-video-preview:-1\" \/>\n<link rel=\"canonical\" href=\"https:\/\/mimedical.pl\/?page_id=20\" \/>\n<meta property=\"og:locale\" content=\"pl_PL\" \/>\n<meta property=\"og:type\" content=\"article\" \/>\n<meta property=\"og:title\" content=\"Us\u0142ugi - Mimedical Fizjoterapia i Osteopatia\" \/>\n<meta property=\"og:url\" content=\"https:\/\/mimedical.pl\/?page_id=20\" \/>\n<meta property=\"og:site_name\" content=\"Mimedical Fizjoterapia i Osteopatia\" \/>\n<meta property=\"article:modified_time\" content=\"2023-04-26T06:41:17+00:00\" \/>\n<meta property=\"og:image\" content=\"https:\/\/mimedical.pl\/wp-content\/uploads\/2023\/04\/AdobeStock_188880086-scaled.jpeg\" \/>\n<meta name=\"twitter:card\" content=\"summary_large_image\" \/>\n<meta name=\"twitter:label1\" content=\"Szacowany czas czytania\" \/>\n\t<meta name=\"twitter:data1\" content=\"1 minuta\" \/>\n<script type=\"application\/ld+json\" class=\"yoast-schema-graph\">{\"@context\":\"https:\/\/schema.org\",\"@graph\":[{\"@type\":\"WebPage\",\"@id\":\"https:\/\/mimedical.pl\/?page_id=20\",\"url\":\"https:\/\/mimedical.pl\/?page_id=20\",\"name\":\"Us\u0142ugi - Mimedical Fizjoterapia i Osteopatia\",\"isPartOf\":{\"@id\":\"https:\/\/mimedical.pl\/#website\"},\"primaryImageOfPage\":{\"@id\":\"https:\/\/mimedical.pl\/?page_id=20#primaryimage\"},\"image\":{\"@id\":\"https:\/\/mimedical.pl\/?page_id=20#primaryimage\"},\"thumbnailUrl\":\"https:\/\/mimedical.pl\/wp-content\/uploads\/2023\/04\/AdobeStock_188880086-scaled.jpeg\",\"datePublished\":\"2023-03-02T14:06:00+00:00\",\"dateModified\":\"2023-04-26T06:41:17+00:00\",\"breadcrumb\":{\"@id\":\"https:\/\/mimedical.pl\/?page_id=20#breadcrumb\"},\"inLanguage\":\"pl-PL\",\"potentialAction\":[{\"@type\":\"ReadAction\",\"target\":[\"https:\/\/mimedical.pl\/?page_id=20\"]}]},{\"@type\":\"ImageObject\",\"inLanguage\":\"pl-PL\",\"@id\":\"https:\/\/mimedical.pl\/?page_id=20#primaryimage\",\"url\":\"https:\/\/mimedical.pl\/wp-content\/uploads\/2023\/04\/AdobeStock_188880086-scaled.jpeg\",\"contentUrl\":\"https:\/\/mimedical.pl\/wp-content\/uploads\/2023\/04\/AdobeStock_188880086-scaled.jpeg\",\"width\":2560,\"height\":1707},{\"@type\":\"BreadcrumbList\",\"@id\":\"https:\/\/mimedical.pl\/?page_id=20#breadcrumb\",\"itemListElement\":[{\"@type\":\"ListItem\",\"position\":1,\"name\":\"Strona g\u0142\u00f3wna\",\"item\":\"https:\/\/mimedical.pl\/\"},{\"@type\":\"ListItem\",\"position\":2,\"name\":\"Us\u0142ugi\"}]},{\"@type\":\"WebSite\",\"@id\":\"https:\/\/mimedical.pl\/#website\",\"url\":\"https:\/\/mimedical.pl\/\",\"name\":\"Mimedical Fizjoterapia i Osteopatia\",\"description\":\"\",\"publisher\":{\"@id\":\"https:\/\/mimedical.pl\/#organization\"},\"potentialAction\":[{\"@type\":\"SearchAction\",\"target\":{\"@type\":\"EntryPoint\",\"urlTemplate\":\"https:\/\/mimedical.pl\/?s={search_term_string}\"},\"query-input\":{\"@type\":\"PropertyValueSpecification\",\"valueRequired\":true,\"valueName\":\"search_term_string\"}}],\"inLanguage\":\"pl-PL\"},{\"@type\":\"Organization\",\"@id\":\"https:\/\/mimedical.pl\/#organization\",\"name\":\"Mimedical Fizjoterapia i Osteopatia\",\"url\":\"https:\/\/mimedical.pl\/\",\"logo\":{\"@type\":\"ImageObject\",\"inLanguage\":\"pl-PL\",\"@id\":\"https:\/\/mimedical.pl\/#\/schema\/logo\/image\/\",\"url\":\"https:\/\/mimedical.pl\/wp-content\/uploads\/2023\/04\/AdobeStock_476169054-scaled.jpeg\",\"contentUrl\":\"https:\/\/mimedical.pl\/wp-content\/uploads\/2023\/04\/AdobeStock_476169054-scaled.jpeg\",\"width\":2560,\"height\":1707,\"caption\":\"Mimedical Fizjoterapia i Osteopatia\"},\"image\":{\"@id\":\"https:\/\/mimedical.pl\/#\/schema\/logo\/image\/\"}}]}<\/script>\n<!-- \/ Yoast SEO plugin. -->","yoast_head_json":{"title":"Us\u0142ugi - Mimedical Fizjoterapia i Osteopatia","robots":{"index":"index","follow":"follow","max-snippet":"max-snippet:-1","max-image-preview":"max-image-preview:large","max-video-preview":"max-video-preview:-1"},"canonical":"https:\/\/mimedical.pl\/?page_id=20","og_locale":"pl_PL","og_type":"article","og_title":"Us\u0142ugi - Mimedical Fizjoterapia i Osteopatia","og_url":"https:\/\/mimedical.pl\/?page_id=20","og_site_name":"Mimedical Fizjoterapia i Osteopatia","article_modified_time":"2023-04-26T06:41:17+00:00","og_image":[{"url":"https:\/\/mimedical.pl\/wp-content\/uploads\/2023\/04\/AdobeStock_188880086-scaled.jpeg"}],"twitter_card":"summary_large_image","twitter_misc":{"Szacowany czas czytania":"1 minuta"},"schema":{"@context":"https:\/\/schema.org","@graph":[{"@type":"WebPage","@id":"https:\/\/mimedical.pl\/?page_id=20","url":"https:\/\/mimedical.pl\/?page_id=20","name":"Us\u0142ugi - Mimedical Fizjoterapia i Osteopatia","isPartOf":{"@id":"https:\/\/mimedical.pl\/#website"},"primaryImageOfPage":{"@id":"https:\/\/mimedical.pl\/?page_id=20#primaryimage"},"image":{"@id":"https:\/\/mimedical.pl\/?page_id=20#primaryimage"},"thumbnailUrl":"https:\/\/mimedical.pl\/wp-content\/uploads\/2023\/04\/AdobeStock_188880086-scaled.jpeg","datePublished":"2023-03-02T14:06:00+00:00","dateModified":"2023-04-26T06:41:17+00:00","breadcrumb":{"@id":"https:\/\/mimedical.pl\/?page_id=20#breadcrumb"},"inLanguage":"pl-PL","potentialAction":[{"@type":"ReadAction","target":["https:\/\/mimedical.pl\/?page_id=20"]}]},{"@type":"ImageObject","inLanguage":"pl-PL","@id":"https:\/\/mimedical.pl\/?page_id=20#primaryimage","url":"https:\/\/mimedical.pl\/wp-content\/uploads\/2023\/04\/AdobeStock_188880086-scaled.jpeg","contentUrl":"https:\/\/mimedical.pl\/wp-content\/uploads\/2023\/04\/AdobeStock_188880086-scaled.jpeg","width":2560,"height":1707},{"@type":"BreadcrumbList","@id":"https:\/\/mimedical.pl\/?page_id=20#breadcrumb","itemListElement":[{"@type":"ListItem","position":1,"name":"Strona g\u0142\u00f3wna","item":"https:\/\/mimedical.pl\/"},{"@type":"ListItem","position":2,"name":"Us\u0142ugi"}]},{"@type":"WebSite","@id":"https:\/\/mimedical.pl\/#website","url":"https:\/\/mimedical.pl\/","name":"Mimedical Fizjoterapia i Osteopatia","description":"","publisher":{"@id":"https:\/\/mimedical.pl\/#organization"},"potentialAction":[{"@type":"SearchAction","target":{"@type":"EntryPoint","urlTemplate":"https:\/\/mimedical.pl\/?s={search_term_string}"},"query-input":{"@type":"PropertyValueSpecification","valueRequired":true,"valueName":"search_term_string"}}],"inLanguage":"pl-PL"},{"@type":"Organization","@id":"https:\/\/mimedical.pl\/#organization","name":"Mimedical Fizjoterapia i Osteopatia","url":"https:\/\/mimedical.pl\/","logo":{"@type":"ImageObject","inLanguage":"pl-PL","@id":"https:\/\/mimedical.pl\/#\/schema\/logo\/image\/","url":"https:\/\/mimedical.pl\/wp-content\/uploads\/2023\/04\/AdobeStock_476169054-scaled.jpeg","contentUrl":"https:\/\/mimedical.pl\/wp-content\/uploads\/2023\/04\/AdobeStock_476169054-scaled.jpeg","width":2560,"height":1707,"caption":"Mimedical Fizjoterapia i Osteopatia"},"image":{"@id":"https:\/\/mimedical.pl\/#\/schema\/logo\/image\/"}}]}},"jetpack_sharing_enabled":true,"_links":{"self":[{"href":"https:\/\/mimedical.pl\/index.php?rest_route=\/wp\/v2\/pages\/20","targetHints":{"allow":["GET"]}}],"collection":[{"href":"https:\/\/mimedical.pl\/index.php?rest_route=\/wp\/v2\/pages"}],"about":[{"href":"https:\/\/mimedical.pl\/index.php?rest_route=\/wp\/v2\/types\/page"}],"author":[{"embeddable":true,"href":"https:\/\/mimedical.pl\/index.php?rest_route=\/wp\/v2\/users\/1"}],"replies":[{"embeddable":true,"href":"https:\/\/mimedical.pl\/index.php?rest_route=%2Fwp%2Fv2%2Fcomments&post=20"}],"version-history":[{"count":10,"href":"https:\/\/mimedical.pl\/index.php?rest_route=\/wp\/v2\/pages\/20\/revisions"}],"predecessor-version":[{"id":354,"href":"https:\/\/mimedical.pl\/index.php?rest_route=\/wp\/v2\/pages\/20\/revisions\/354"}],"wp:attachment":[{"href":"https:\/\/mimedical.pl\/index.php?rest_route=%2Fwp%2Fv2%2Fmedia&parent=20"}],"curies":[{"name":"wp","href":"https:\/\/api.w.org\/{rel}","templated":true}]}}