{"id":21,"date":"2023-03-02T14:06:00","date_gmt":"2023-03-02T14:06:00","guid":{"rendered":"https:\/\/mimedical.dbox.pl\/?page_id=21"},"modified":"2023-04-25T07:18:37","modified_gmt":"2023-04-25T07:18:37","slug":"szczegoly-projektu","status":"publish","type":"page","link":"https:\/\/mimedical.pl\/?page_id=21","title":{"rendered":"Um\u00f3w wizyt\u0119"},"content":{"rendered":"\t\t<div data-elementor-type=\"wp-page\" data-elementor-id=\"21\" class=\"elementor elementor-21\">\n\t\t\t\t\t\t<section class=\"elementor-section elementor-top-section elementor-element elementor-element-ec87af8 elementor-section-boxed elementor-section-height-default elementor-section-height-default\" data-id=\"ec87af8\" data-element_type=\"section\">\n\t\t\t\t\t\t<div class=\"elementor-container elementor-column-gap-default\">\n\t\t\t\t\t<div class=\"elementor-column elementor-col-100 elementor-top-column elementor-element elementor-element-b8587a2\" data-id=\"b8587a2\" data-element_type=\"column\">\n\t\t\t<div class=\"elementor-widget-wrap elementor-element-populated\">\n\t\t\t\t\t\t<div class=\"elementor-element elementor-element-c0fc724 elementor-widget elementor-widget-heading\" data-id=\"c0fc724\" data-element_type=\"widget\" data-widget_type=\"heading.default\">\n\t\t\t\t<div class=\"elementor-widget-container\">\n\t\t\t<h2 class=\"elementor-heading-title elementor-size-default\">Um\u00f3w swoj\u0105 wizyt\u0119 wygodnie przez internet <br><\/h2>\t\t<\/div>\n\t\t\t\t<\/div>\n\t\t\t\t\t<\/div>\n\t\t<\/div>\n\t\t\t\t\t<\/div>\n\t\t<\/section>\n\t\t\t\t<section class=\"elementor-section elementor-top-section elementor-element elementor-element-2c95df1 elementor-section-boxed elementor-section-height-default elementor-section-height-default\" data-id=\"2c95df1\" data-element_type=\"section\">\n\t\t\t\t\t\t<div class=\"elementor-container elementor-column-gap-default\">\n\t\t\t\t\t<div class=\"elementor-column elementor-col-16 elementor-top-column elementor-element elementor-element-d6d3025\" data-id=\"d6d3025\" data-element_type=\"column\">\n\t\t\t<div class=\"elementor-widget-wrap\">\n\t\t\t\t\t\t\t<\/div>\n\t\t<\/div>\n\t\t\t\t<div class=\"elementor-column elementor-col-66 elementor-top-column elementor-element elementor-element-a05c3e7\" data-id=\"a05c3e7\" data-element_type=\"column\">\n\t\t\t<div class=\"elementor-widget-wrap elementor-element-populated\">\n\t\t\t\t\t\t<div class=\"elementor-element elementor-element-efed928 elementor-widget elementor-widget-html\" data-id=\"efed928\" data-element_type=\"widget\" data-widget_type=\"html.default\">\n\t\t\t\t<div class=\"elementor-widget-container\">\n\t\t\t<a id=\"zl-url\" class=\"zl-url\" href=\"https:\/\/www.znanylekarz.pl\/michal-szuplak\/fizjoterapeuta\/mikolow\" rel=\"nofollow\" data-zlw-doctor=\"michal-szuplak\" data-zlw-type=\"big_with_calendar\" data-zlw-opinion=\"false\" data-zlw-hide-branding=\"true\">Micha\u0142 Szuplak - ZnanyLekarz.pl<\/a><script>!function($_x,_s,id){var js,fjs=$_x.getElementsByTagName(_s)[0];if(!$_x.getElementById(id)){js = $_x.createElement(_s);js.id = id;js.src = \"\/\/platform.docplanner.com\/js\/widget.js\";fjs.parentNode.insertBefore(js,fjs);}}(document,\"script\",\"zl-widget-s\");<\/script>\t\t<\/div>\n\t\t\t\t<\/div>\n\t\t\t\t\t<\/div>\n\t\t<\/div>\n\t\t\t\t<div class=\"elementor-column elementor-col-16 elementor-top-column elementor-element elementor-element-b649ac7\" data-id=\"b649ac7\" data-element_type=\"column\">\n\t\t\t<div class=\"elementor-widget-wrap\">\n\t\t\t\t\t\t\t<\/div>\n\t\t<\/div>\n\t\t\t\t\t<\/div>\n\t\t<\/section>\n\t\t\t\t<\/div>\n\t\t","protected":false},"excerpt":{"rendered":"<p>Um\u00f3w swoj\u0105 wizyt\u0119 wygodnie przez internet Micha\u0142 Szuplak &#8211; ZnanyLekarz.pl<\/p>\n","protected":false},"author":1,"featured_media":0,"parent":0,"menu_order":0,"comment_status":"closed","ping_status":"closed","template":"","meta":{"neve_meta_sidebar":"","neve_meta_container":"","neve_meta_enable_content_width":"on","neve_meta_content_width":100,"neve_meta_title_alignment":"","neve_meta_author_avatar":"","neve_post_elements_order":"","neve_meta_disable_header":"","neve_meta_disable_footer":"","neve_meta_disable_title":"on","footnotes":""},"class_list":["post-21","page","type-page","status-publish","hentry"],"yoast_head":"<!-- This site is optimized with the Yoast SEO plugin v23.9 - https:\/\/yoast.com\/wordpress\/plugins\/seo\/ -->\n<title>Um\u00f3w wizyt\u0119 - Mimedical Fizjoterapia i Osteopatia<\/title>\n<meta name=\"robots\" content=\"index, follow, max-snippet:-1, max-image-preview:large, max-video-preview:-1\" \/>\n<link rel=\"canonical\" href=\"https:\/\/mimedical.pl\/?page_id=21\" \/>\n<meta property=\"og:locale\" content=\"pl_PL\" \/>\n<meta property=\"og:type\" content=\"article\" \/>\n<meta property=\"og:title\" content=\"Um\u00f3w wizyt\u0119 - Mimedical Fizjoterapia i Osteopatia\" \/>\n<meta property=\"og:description\" content=\"Um\u00f3w swoj\u0105 wizyt\u0119 wygodnie przez internet Micha\u0142 Szuplak &#8211; ZnanyLekarz.pl\" \/>\n<meta property=\"og:url\" content=\"https:\/\/mimedical.pl\/?page_id=21\" \/>\n<meta property=\"og:site_name\" content=\"Mimedical Fizjoterapia i Osteopatia\" \/>\n<meta property=\"article:modified_time\" content=\"2023-04-25T07:18:37+00:00\" \/>\n<meta name=\"twitter:card\" content=\"summary_large_image\" \/>\n<meta name=\"twitter:label1\" content=\"Szacowany czas czytania\" \/>\n\t<meta name=\"twitter:data1\" content=\"1 minuta\" \/>\n<script type=\"application\/ld+json\" class=\"yoast-schema-graph\">{\"@context\":\"https:\/\/schema.org\",\"@graph\":[{\"@type\":\"WebPage\",\"@id\":\"https:\/\/mimedical.pl\/?page_id=21\",\"url\":\"https:\/\/mimedical.pl\/?page_id=21\",\"name\":\"Um\u00f3w wizyt\u0119 - Mimedical Fizjoterapia i Osteopatia\",\"isPartOf\":{\"@id\":\"https:\/\/mimedical.pl\/#website\"},\"datePublished\":\"2023-03-02T14:06:00+00:00\",\"dateModified\":\"2023-04-25T07:18:37+00:00\",\"breadcrumb\":{\"@id\":\"https:\/\/mimedical.pl\/?page_id=21#breadcrumb\"},\"inLanguage\":\"pl-PL\",\"potentialAction\":[{\"@type\":\"ReadAction\",\"target\":[\"https:\/\/mimedical.pl\/?page_id=21\"]}]},{\"@type\":\"BreadcrumbList\",\"@id\":\"https:\/\/mimedical.pl\/?page_id=21#breadcrumb\",\"itemListElement\":[{\"@type\":\"ListItem\",\"position\":1,\"name\":\"Strona g\u0142\u00f3wna\",\"item\":\"https:\/\/mimedical.pl\/\"},{\"@type\":\"ListItem\",\"position\":2,\"name\":\"Um\u00f3w wizyt\u0119\"}]},{\"@type\":\"WebSite\",\"@id\":\"https:\/\/mimedical.pl\/#website\",\"url\":\"https:\/\/mimedical.pl\/\",\"name\":\"Mimedical Fizjoterapia i Osteopatia\",\"description\":\"\",\"publisher\":{\"@id\":\"https:\/\/mimedical.pl\/#organization\"},\"potentialAction\":[{\"@type\":\"SearchAction\",\"target\":{\"@type\":\"EntryPoint\",\"urlTemplate\":\"https:\/\/mimedical.pl\/?s={search_term_string}\"},\"query-input\":{\"@type\":\"PropertyValueSpecification\",\"valueRequired\":true,\"valueName\":\"search_term_string\"}}],\"inLanguage\":\"pl-PL\"},{\"@type\":\"Organization\",\"@id\":\"https:\/\/mimedical.pl\/#organization\",\"name\":\"Mimedical Fizjoterapia i Osteopatia\",\"url\":\"https:\/\/mimedical.pl\/\",\"logo\":{\"@type\":\"ImageObject\",\"inLanguage\":\"pl-PL\",\"@id\":\"https:\/\/mimedical.pl\/#\/schema\/logo\/image\/\",\"url\":\"https:\/\/mimedical.pl\/wp-content\/uploads\/2023\/04\/AdobeStock_476169054-scaled.jpeg\",\"contentUrl\":\"https:\/\/mimedical.pl\/wp-content\/uploads\/2023\/04\/AdobeStock_476169054-scaled.jpeg\",\"width\":2560,\"height\":1707,\"caption\":\"Mimedical Fizjoterapia i Osteopatia\"},\"image\":{\"@id\":\"https:\/\/mimedical.pl\/#\/schema\/logo\/image\/\"}}]}<\/script>\n<!-- \/ Yoast SEO plugin. -->","yoast_head_json":{"title":"Um\u00f3w wizyt\u0119 - Mimedical Fizjoterapia i Osteopatia","robots":{"index":"index","follow":"follow","max-snippet":"max-snippet:-1","max-image-preview":"max-image-preview:large","max-video-preview":"max-video-preview:-1"},"canonical":"https:\/\/mimedical.pl\/?page_id=21","og_locale":"pl_PL","og_type":"article","og_title":"Um\u00f3w wizyt\u0119 - Mimedical Fizjoterapia i Osteopatia","og_description":"Um\u00f3w swoj\u0105 wizyt\u0119 wygodnie przez internet Micha\u0142 Szuplak &#8211; ZnanyLekarz.pl","og_url":"https:\/\/mimedical.pl\/?page_id=21","og_site_name":"Mimedical Fizjoterapia i Osteopatia","article_modified_time":"2023-04-25T07:18:37+00:00","twitter_card":"summary_large_image","twitter_misc":{"Szacowany czas czytania":"1 minuta"},"schema":{"@context":"https:\/\/schema.org","@graph":[{"@type":"WebPage","@id":"https:\/\/mimedical.pl\/?page_id=21","url":"https:\/\/mimedical.pl\/?page_id=21","name":"Um\u00f3w wizyt\u0119 - Mimedical Fizjoterapia i Osteopatia","isPartOf":{"@id":"https:\/\/mimedical.pl\/#website"},"datePublished":"2023-03-02T14:06:00+00:00","dateModified":"2023-04-25T07:18:37+00:00","breadcrumb":{"@id":"https:\/\/mimedical.pl\/?page_id=21#breadcrumb"},"inLanguage":"pl-PL","potentialAction":[{"@type":"ReadAction","target":["https:\/\/mimedical.pl\/?page_id=21"]}]},{"@type":"BreadcrumbList","@id":"https:\/\/mimedical.pl\/?page_id=21#breadcrumb","itemListElement":[{"@type":"ListItem","position":1,"name":"Strona g\u0142\u00f3wna","item":"https:\/\/mimedical.pl\/"},{"@type":"ListItem","position":2,"name":"Um\u00f3w wizyt\u0119"}]},{"@type":"WebSite","@id":"https:\/\/mimedical.pl\/#website","url":"https:\/\/mimedical.pl\/","name":"Mimedical Fizjoterapia i Osteopatia","description":"","publisher":{"@id":"https:\/\/mimedical.pl\/#organization"},"potentialAction":[{"@type":"SearchAction","target":{"@type":"EntryPoint","urlTemplate":"https:\/\/mimedical.pl\/?s={search_term_string}"},"query-input":{"@type":"PropertyValueSpecification","valueRequired":true,"valueName":"search_term_string"}}],"inLanguage":"pl-PL"},{"@type":"Organization","@id":"https:\/\/mimedical.pl\/#organization","name":"Mimedical Fizjoterapia i Osteopatia","url":"https:\/\/mimedical.pl\/","logo":{"@type":"ImageObject","inLanguage":"pl-PL","@id":"https:\/\/mimedical.pl\/#\/schema\/logo\/image\/","url":"https:\/\/mimedical.pl\/wp-content\/uploads\/2023\/04\/AdobeStock_476169054-scaled.jpeg","contentUrl":"https:\/\/mimedical.pl\/wp-content\/uploads\/2023\/04\/AdobeStock_476169054-scaled.jpeg","width":2560,"height":1707,"caption":"Mimedical Fizjoterapia i Osteopatia"},"image":{"@id":"https:\/\/mimedical.pl\/#\/schema\/logo\/image\/"}}]}},"jetpack_sharing_enabled":true,"_links":{"self":[{"href":"https:\/\/mimedical.pl\/index.php?rest_route=\/wp\/v2\/pages\/21","targetHints":{"allow":["GET"]}}],"collection":[{"href":"https:\/\/mimedical.pl\/index.php?rest_route=\/wp\/v2\/pages"}],"about":[{"href":"https:\/\/mimedical.pl\/index.php?rest_route=\/wp\/v2\/types\/page"}],"author":[{"embeddable":true,"href":"https:\/\/mimedical.pl\/index.php?rest_route=\/wp\/v2\/users\/1"}],"replies":[{"embeddable":true,"href":"https:\/\/mimedical.pl\/index.php?rest_route=%2Fwp%2Fv2%2Fcomments&post=21"}],"version-history":[{"count":28,"href":"https:\/\/mimedical.pl\/index.php?rest_route=\/wp\/v2\/pages\/21\/revisions"}],"predecessor-version":[{"id":231,"href":"https:\/\/mimedical.pl\/index.php?rest_route=\/wp\/v2\/pages\/21\/revisions\/231"}],"wp:attachment":[{"href":"https:\/\/mimedical.pl\/index.php?rest_route=%2Fwp%2Fv2%2Fmedia&parent=21"}],"curies":[{"name":"wp","href":"https:\/\/api.w.org\/{rel}","templated":true}]}}