{"id":22,"date":"2023-03-02T14:06:00","date_gmt":"2023-03-02T14:06:00","guid":{"rendered":"https:\/\/mimedical.dbox.pl\/?page_id=22"},"modified":"2023-05-13T06:23:08","modified_gmt":"2023-05-13T06:23:08","slug":"blog","status":"publish","type":"page","link":"https:\/\/mimedical.pl\/?page_id=22","title":{"rendered":"Blog"},"content":{"rendered":"\t\t<div class=\"bdp-list-main bdp-design-1 bdp-clearfix\">\r\n\t\t\t<div class=\"bdp-post-list bdp-clearfix\">\r\n\t<div class=\"bdp-post-list-content\">\r\n\t\t\t\t<div class=\"bdp-medium-6 bdp-columns\">\r\n\t\t\t<div class=\"bdp-post-image-bg\">\r\n\t\t\t\t<a href=\"https:\/\/mimedical.pl\/?p=363\">\r\n\t\t\t\t\t<img decoding=\"async\" src=\"https:\/\/mimedical.pl\/wp-content\/uploads\/2023\/05\/IMG_1803-300x225.jpeg\" alt=\"Osteopatia dla golfist\u00f3w\" \/>\r\n\t\t\t\t<\/a>\r\n\t\t\t<\/div>\r\n\t\t<\/div>\r\n\t\t\t\t<div class=\"bdp-medium-6 bdp-columns\">\r\n\t\t\t\r\n\t\t\t<h2 class=\"bdp-post-title\">\r\n\t\t\t\t<a href=\"https:\/\/mimedical.pl\/?p=363\">Osteopatia dla golfist\u00f3w<\/a>\r\n\t\t\t<\/h2>\r\n\t\t\t\t\r\n\t\t\t\t\t\t<div class=\"bdp-post-meta-innr bdp-post-meta\">\r\n\t\t\t\t\t\t\t\t<span class=\"bdp-post-meta-innr bdp-user-img\">admin<\/span>\r\n\t\t\t\t<span class=\"bdpp-post-meta-sep\">\/<\/span>\t\t\t\t<span class=\"bdp-post-meta-innr bdp-time\">3 maja, 2023<\/span>\r\n\t\t\t\t\t\t\t<\/div>\r\n\t\t\t\t\t\t<div class=\"bdp-post-content\">\r\n\t\t\t\t<div class=\"bdp-post-short-content\">Zamach w golfie to bardzo z\u0142o\u017cony wzorzec ruchowy, kt\u00f3ry wymaga koordynacji wszystkich staw\u00f3w i mi\u0119\u015bni cia\u0142a, a tak\u017ce ich synchronizacji i r\u00f3wnowagi. Je\u015bli jeden obszar cia\u0142a nie funkcjonuje optymalnie, mo\u017ce...<\/div>\r\n\t\t\t\t\t\t\t\t<a href=\"https:\/\/mimedical.pl\/?p=363\" class=\"bdp-readmorebtn\">Czytaj dalej<\/a>\r\n\t\t\t\t\t\t\t<\/div>\r\n\t\t\t\t\t<\/div>\r\n\t<\/div>\r\n<\/div><div class=\"bdp-post-list bdp-clearfix\">\r\n\t<div class=\"bdp-post-list-content\">\r\n\t\t\t\t<div class=\"bdp-medium-6 bdp-columns\">\r\n\t\t\t<div class=\"bdp-post-image-bg\">\r\n\t\t\t\t<a href=\"https:\/\/mimedical.pl\/?p=341\">\r\n\t\t\t\t\t<img decoding=\"async\" src=\"https:\/\/mimedical.pl\/wp-content\/uploads\/2023\/04\/Osteopatia-300x300.jpg\" alt=\"Osteopatia?\" \/>\r\n\t\t\t\t<\/a>\r\n\t\t\t<\/div>\r\n\t\t<\/div>\r\n\t\t\t\t<div class=\"bdp-medium-6 bdp-columns\">\r\n\t\t\t\r\n\t\t\t<h2 class=\"bdp-post-title\">\r\n\t\t\t\t<a href=\"https:\/\/mimedical.pl\/?p=341\">Osteopatia?<\/a>\r\n\t\t\t<\/h2>\r\n\t\t\t\t\r\n\t\t\t\t\t\t<div class=\"bdp-post-meta-innr bdp-post-meta\">\r\n\t\t\t\t\t\t\t\t<span class=\"bdp-post-meta-innr bdp-user-img\">admin<\/span>\r\n\t\t\t\t<span class=\"bdpp-post-meta-sep\">\/<\/span>\t\t\t\t<span class=\"bdp-post-meta-innr bdp-time\">25 kwietnia, 2023<\/span>\r\n\t\t\t\t\t\t\t<\/div>\r\n\t\t\t\t\t\t<div class=\"bdp-post-content\">\r\n\t\t\t\t<div class=\"bdp-post-short-content\">W logo Mimedical widniej\u0105 dwa dodatkowe s\u0142owa, opisuj\u0105ce czym si\u0119 zajmuj\u0119 w gabinecie. Fizjoterapia i Osteopatia, pierwsze zd\u0105\u017cy\u0142o ju\u017c by\u0107 powszechne i kr\u0105\u017cy w \u015bwiadomo\u015bci wielu pacjent\u00f3w, znaczenie drugiego chcia\u0142bym...<\/div>\r\n\t\t\t\t\t\t\t\t<a href=\"https:\/\/mimedical.pl\/?p=341\" class=\"bdp-readmorebtn\">Czytaj dalej<\/a>\r\n\t\t\t\t\t\t\t<\/div>\r\n\t\t\t\t\t<\/div>\r\n\t<\/div>\r\n<\/div><div class=\"bdp-post-list bdp-clearfix\">\r\n\t<div class=\"bdp-post-list-content\">\r\n\t\t\t\t<div class=\"bdp-medium-6 bdp-columns\">\r\n\t\t\t<div class=\"bdp-post-image-bg\">\r\n\t\t\t\t<a href=\"https:\/\/mimedical.pl\/?p=323\">\r\n\t\t\t\t\t<img decoding=\"async\" src=\"https:\/\/mimedical.pl\/wp-content\/uploads\/2023\/04\/AdobeStock_204827329-300x200.jpeg\" alt=\"B\u00f3l plec\u00f3w a osteopatia\" \/>\r\n\t\t\t\t<\/a>\r\n\t\t\t<\/div>\r\n\t\t<\/div>\r\n\t\t\t\t<div class=\"bdp-medium-6 bdp-columns\">\r\n\t\t\t\r\n\t\t\t<h2 class=\"bdp-post-title\">\r\n\t\t\t\t<a href=\"https:\/\/mimedical.pl\/?p=323\">B\u00f3l plec\u00f3w a osteopatia<\/a>\r\n\t\t\t<\/h2>\r\n\t\t\t\t\r\n\t\t\t\t\t\t<div class=\"bdp-post-meta-innr bdp-post-meta\">\r\n\t\t\t\t\t\t\t\t<span class=\"bdp-post-meta-innr bdp-user-img\">admin<\/span>\r\n\t\t\t\t<span class=\"bdpp-post-meta-sep\">\/<\/span>\t\t\t\t<span class=\"bdp-post-meta-innr bdp-time\">25 kwietnia, 2023<\/span>\r\n\t\t\t\t\t\t\t<\/div>\r\n\t\t\t\t\t\t<div class=\"bdp-post-content\">\r\n\t\t\t\t<div class=\"bdp-post-short-content\">Na b\u00f3l w obr\u0119bie plec\u00f3w skar\u017cy si\u0119 coraz wi\u0119cej z nas. Jest bardzo powszechnym problemem dotykaj\u0105cym ludzi w ka\u017cdym wieku niezale\u017cnie od wykonywanej profesji. Jest jedn\u0105 z najcz\u0119stszych przyczyn konsultacji...<\/div>\r\n\t\t\t\t\t\t\t\t<a href=\"https:\/\/mimedical.pl\/?p=323\" class=\"bdp-readmorebtn\">Czytaj dalej<\/a>\r\n\t\t\t\t\t\t\t<\/div>\r\n\t\t\t\t\t<\/div>\r\n\t<\/div>\r\n<\/div>\t\t<\/div>\t\t\r\n\t\t\n","protected":false},"excerpt":{"rendered":"","protected":false},"author":1,"featured_media":293,"parent":0,"menu_order":0,"comment_status":"closed","ping_status":"closed","template":"","meta":{"neve_meta_sidebar":"","neve_meta_container":"","neve_meta_enable_content_width":"","neve_meta_content_width":0,"neve_meta_title_alignment":"","neve_meta_author_avatar":"","neve_post_elements_order":"","neve_meta_disable_header":"","neve_meta_disable_footer":"","neve_meta_disable_title":"","footnotes":""},"class_list":["post-22","page","type-page","status-publish","has-post-thumbnail","hentry"],"yoast_head":"<!-- This site is optimized with the Yoast SEO plugin v23.9 - https:\/\/yoast.com\/wordpress\/plugins\/seo\/ -->\n<title>Blog - Mimedical Fizjoterapia i Osteopatia<\/title>\n<meta name=\"robots\" content=\"index, follow, max-snippet:-1, max-image-preview:large, max-video-preview:-1\" \/>\n<link rel=\"canonical\" href=\"https:\/\/mimedical.pl\/?page_id=22\" \/>\n<meta property=\"og:locale\" content=\"pl_PL\" \/>\n<meta property=\"og:type\" content=\"article\" \/>\n<meta property=\"og:title\" content=\"Blog - Mimedical Fizjoterapia i Osteopatia\" \/>\n<meta property=\"og:url\" content=\"https:\/\/mimedical.pl\/?page_id=22\" \/>\n<meta property=\"og:site_name\" content=\"Mimedical Fizjoterapia i Osteopatia\" \/>\n<meta property=\"article:modified_time\" content=\"2023-05-13T06:23:08+00:00\" \/>\n<meta property=\"og:image\" content=\"https:\/\/mimedical.pl\/wp-content\/uploads\/2023\/04\/AdobeStock_204827329-scaled.jpeg\" \/>\n\t<meta property=\"og:image:width\" content=\"2560\" \/>\n\t<meta property=\"og:image:height\" content=\"1709\" \/>\n\t<meta property=\"og:image:type\" content=\"image\/jpeg\" \/>\n<meta name=\"twitter:card\" content=\"summary_large_image\" \/>\n<meta name=\"twitter:label1\" content=\"Szacowany czas czytania\" \/>\n\t<meta name=\"twitter:data1\" content=\"1 minuta\" \/>\n<script type=\"application\/ld+json\" class=\"yoast-schema-graph\">{\"@context\":\"https:\/\/schema.org\",\"@graph\":[{\"@type\":\"WebPage\",\"@id\":\"https:\/\/mimedical.pl\/?page_id=22\",\"url\":\"https:\/\/mimedical.pl\/?page_id=22\",\"name\":\"Blog - Mimedical Fizjoterapia i Osteopatia\",\"isPartOf\":{\"@id\":\"https:\/\/mimedical.pl\/#website\"},\"primaryImageOfPage\":{\"@id\":\"https:\/\/mimedical.pl\/?page_id=22#primaryimage\"},\"image\":{\"@id\":\"https:\/\/mimedical.pl\/?page_id=22#primaryimage\"},\"thumbnailUrl\":\"https:\/\/mimedical.pl\/wp-content\/uploads\/2023\/04\/AdobeStock_204827329-scaled.jpeg\",\"datePublished\":\"2023-03-02T14:06:00+00:00\",\"dateModified\":\"2023-05-13T06:23:08+00:00\",\"breadcrumb\":{\"@id\":\"https:\/\/mimedical.pl\/?page_id=22#breadcrumb\"},\"inLanguage\":\"pl-PL\",\"potentialAction\":[{\"@type\":\"ReadAction\",\"target\":[\"https:\/\/mimedical.pl\/?page_id=22\"]}]},{\"@type\":\"ImageObject\",\"inLanguage\":\"pl-PL\",\"@id\":\"https:\/\/mimedical.pl\/?page_id=22#primaryimage\",\"url\":\"https:\/\/mimedical.pl\/wp-content\/uploads\/2023\/04\/AdobeStock_204827329-scaled.jpeg\",\"contentUrl\":\"https:\/\/mimedical.pl\/wp-content\/uploads\/2023\/04\/AdobeStock_204827329-scaled.jpeg\",\"width\":2560,\"height\":1709,\"caption\":\"Employer having pain in back. He holding it by hand while sitting at table during job. Worker with bad state of health concept\"},{\"@type\":\"BreadcrumbList\",\"@id\":\"https:\/\/mimedical.pl\/?page_id=22#breadcrumb\",\"itemListElement\":[{\"@type\":\"ListItem\",\"position\":1,\"name\":\"Strona g\u0142\u00f3wna\",\"item\":\"https:\/\/mimedical.pl\/\"},{\"@type\":\"ListItem\",\"position\":2,\"name\":\"Blog\"}]},{\"@type\":\"WebSite\",\"@id\":\"https:\/\/mimedical.pl\/#website\",\"url\":\"https:\/\/mimedical.pl\/\",\"name\":\"Mimedical Fizjoterapia i Osteopatia\",\"description\":\"\",\"publisher\":{\"@id\":\"https:\/\/mimedical.pl\/#organization\"},\"potentialAction\":[{\"@type\":\"SearchAction\",\"target\":{\"@type\":\"EntryPoint\",\"urlTemplate\":\"https:\/\/mimedical.pl\/?s={search_term_string}\"},\"query-input\":{\"@type\":\"PropertyValueSpecification\",\"valueRequired\":true,\"valueName\":\"search_term_string\"}}],\"inLanguage\":\"pl-PL\"},{\"@type\":\"Organization\",\"@id\":\"https:\/\/mimedical.pl\/#organization\",\"name\":\"Mimedical Fizjoterapia i Osteopatia\",\"url\":\"https:\/\/mimedical.pl\/\",\"logo\":{\"@type\":\"ImageObject\",\"inLanguage\":\"pl-PL\",\"@id\":\"https:\/\/mimedical.pl\/#\/schema\/logo\/image\/\",\"url\":\"https:\/\/mimedical.pl\/wp-content\/uploads\/2023\/04\/AdobeStock_476169054-scaled.jpeg\",\"contentUrl\":\"https:\/\/mimedical.pl\/wp-content\/uploads\/2023\/04\/AdobeStock_476169054-scaled.jpeg\",\"width\":2560,\"height\":1707,\"caption\":\"Mimedical Fizjoterapia i Osteopatia\"},\"image\":{\"@id\":\"https:\/\/mimedical.pl\/#\/schema\/logo\/image\/\"}}]}<\/script>\n<!-- \/ Yoast SEO plugin. -->","yoast_head_json":{"title":"Blog - Mimedical Fizjoterapia i Osteopatia","robots":{"index":"index","follow":"follow","max-snippet":"max-snippet:-1","max-image-preview":"max-image-preview:large","max-video-preview":"max-video-preview:-1"},"canonical":"https:\/\/mimedical.pl\/?page_id=22","og_locale":"pl_PL","og_type":"article","og_title":"Blog - Mimedical Fizjoterapia i Osteopatia","og_url":"https:\/\/mimedical.pl\/?page_id=22","og_site_name":"Mimedical Fizjoterapia i Osteopatia","article_modified_time":"2023-05-13T06:23:08+00:00","og_image":[{"width":2560,"height":1709,"url":"https:\/\/mimedical.pl\/wp-content\/uploads\/2023\/04\/AdobeStock_204827329-scaled.jpeg","type":"image\/jpeg"}],"twitter_card":"summary_large_image","twitter_misc":{"Szacowany czas czytania":"1 minuta"},"schema":{"@context":"https:\/\/schema.org","@graph":[{"@type":"WebPage","@id":"https:\/\/mimedical.pl\/?page_id=22","url":"https:\/\/mimedical.pl\/?page_id=22","name":"Blog - Mimedical Fizjoterapia i Osteopatia","isPartOf":{"@id":"https:\/\/mimedical.pl\/#website"},"primaryImageOfPage":{"@id":"https:\/\/mimedical.pl\/?page_id=22#primaryimage"},"image":{"@id":"https:\/\/mimedical.pl\/?page_id=22#primaryimage"},"thumbnailUrl":"https:\/\/mimedical.pl\/wp-content\/uploads\/2023\/04\/AdobeStock_204827329-scaled.jpeg","datePublished":"2023-03-02T14:06:00+00:00","dateModified":"2023-05-13T06:23:08+00:00","breadcrumb":{"@id":"https:\/\/mimedical.pl\/?page_id=22#breadcrumb"},"inLanguage":"pl-PL","potentialAction":[{"@type":"ReadAction","target":["https:\/\/mimedical.pl\/?page_id=22"]}]},{"@type":"ImageObject","inLanguage":"pl-PL","@id":"https:\/\/mimedical.pl\/?page_id=22#primaryimage","url":"https:\/\/mimedical.pl\/wp-content\/uploads\/2023\/04\/AdobeStock_204827329-scaled.jpeg","contentUrl":"https:\/\/mimedical.pl\/wp-content\/uploads\/2023\/04\/AdobeStock_204827329-scaled.jpeg","width":2560,"height":1709,"caption":"Employer having pain in back. He holding it by hand while sitting at table during job. Worker with bad state of health concept"},{"@type":"BreadcrumbList","@id":"https:\/\/mimedical.pl\/?page_id=22#breadcrumb","itemListElement":[{"@type":"ListItem","position":1,"name":"Strona g\u0142\u00f3wna","item":"https:\/\/mimedical.pl\/"},{"@type":"ListItem","position":2,"name":"Blog"}]},{"@type":"WebSite","@id":"https:\/\/mimedical.pl\/#website","url":"https:\/\/mimedical.pl\/","name":"Mimedical Fizjoterapia i Osteopatia","description":"","publisher":{"@id":"https:\/\/mimedical.pl\/#organization"},"potentialAction":[{"@type":"SearchAction","target":{"@type":"EntryPoint","urlTemplate":"https:\/\/mimedical.pl\/?s={search_term_string}"},"query-input":{"@type":"PropertyValueSpecification","valueRequired":true,"valueName":"search_term_string"}}],"inLanguage":"pl-PL"},{"@type":"Organization","@id":"https:\/\/mimedical.pl\/#organization","name":"Mimedical Fizjoterapia i Osteopatia","url":"https:\/\/mimedical.pl\/","logo":{"@type":"ImageObject","inLanguage":"pl-PL","@id":"https:\/\/mimedical.pl\/#\/schema\/logo\/image\/","url":"https:\/\/mimedical.pl\/wp-content\/uploads\/2023\/04\/AdobeStock_476169054-scaled.jpeg","contentUrl":"https:\/\/mimedical.pl\/wp-content\/uploads\/2023\/04\/AdobeStock_476169054-scaled.jpeg","width":2560,"height":1707,"caption":"Mimedical Fizjoterapia i Osteopatia"},"image":{"@id":"https:\/\/mimedical.pl\/#\/schema\/logo\/image\/"}}]}},"jetpack_sharing_enabled":true,"_links":{"self":[{"href":"https:\/\/mimedical.pl\/index.php?rest_route=\/wp\/v2\/pages\/22","targetHints":{"allow":["GET"]}}],"collection":[{"href":"https:\/\/mimedical.pl\/index.php?rest_route=\/wp\/v2\/pages"}],"about":[{"href":"https:\/\/mimedical.pl\/index.php?rest_route=\/wp\/v2\/types\/page"}],"author":[{"embeddable":true,"href":"https:\/\/mimedical.pl\/index.php?rest_route=\/wp\/v2\/users\/1"}],"replies":[{"embeddable":true,"href":"https:\/\/mimedical.pl\/index.php?rest_route=%2Fwp%2Fv2%2Fcomments&post=22"}],"version-history":[{"count":26,"href":"https:\/\/mimedical.pl\/index.php?rest_route=\/wp\/v2\/pages\/22\/revisions"}],"predecessor-version":[{"id":368,"href":"https:\/\/mimedical.pl\/index.php?rest_route=\/wp\/v2\/pages\/22\/revisions\/368"}],"wp:featuredmedia":[{"embeddable":true,"href":"https:\/\/mimedical.pl\/index.php?rest_route=\/wp\/v2\/media\/293"}],"wp:attachment":[{"href":"https:\/\/mimedical.pl\/index.php?rest_route=%2Fwp%2Fv2%2Fmedia&parent=22"}],"curies":[{"name":"wp","href":"https:\/\/api.w.org\/{rel}","templated":true}]}}